{"id":14030,"date":"2025-01-17T09:49:45","date_gmt":"2025-01-17T09:49:45","guid":{"rendered":"https:\/\/promochaudiere.be\/produit\/vaillant-robinet-gaz-model-equerre-1-2-082777\/"},"modified":"2026-02-03T18:14:52","modified_gmt":"2026-02-03T17:14:52","slug":"vaillant-robinet-gaz-model-equerre-1-2-082777","status":"publish","type":"product","link":"https:\/\/promochaudiere.be\/nl\/product\/vaillant-robinet-gaz-model-equerre-1-2-082777\/","title":{"rendered":"Vaillant robinet gaz model \u00e9querre 1\/2 082777"},"content":{"rendered":"<p>Ce mod\u00e8le en \u00e9querre assure un raccordement fiable des conduites de gaz avec une orientation \u00e0 90\u00b0. Son format 1\/2&Prime; garantit une installation facile. Il assure une \u00e9tanch\u00e9it\u00e9 optimale et une s\u00e9curit\u00e9 renforc\u00e9e. Id\u00e9al pour les installations n\u00e9cessitant une disposition sp\u00e9cifique des conduits.<\/p>","protected":false},"excerpt":{"rendered":"<p>Vaillant robinet gaz model \u00e9querre 1\/2 082777<\/p>","protected":false},"featured_media":22654,"comment_status":"open","ping_status":"closed","template":"","meta":[],"product_brand":[],"product_cat":[8917,8840],"product_tag":[],"class_list":{"0":"post-14030","1":"product","2":"type-product","3":"status-publish","4":"has-post-thumbnail","6":"product_cat-pieces-detachees-vaillant","7":"product_cat-test","8":"pa_marque-vaillant","10":"first","11":"instock","12":"sale","13":"taxable","14":"shipping-taxable","15":"purchasable","16":"product-type-simple"},"aioseo_notices":[],"_links":{"self":[{"href":"https:\/\/promochaudiere.be\/nl\/wp-json\/wp\/v2\/product\/14030","targetHints":{"allow":["GET"]}}],"collection":[{"href":"https:\/\/promochaudiere.be\/nl\/wp-json\/wp\/v2\/product"}],"about":[{"href":"https:\/\/promochaudiere.be\/nl\/wp-json\/wp\/v2\/types\/product"}],"replies":[{"embeddable":true,"href":"https:\/\/promochaudiere.be\/nl\/wp-json\/wp\/v2\/comments?post=14030"}],"version-history":[{"count":1,"href":"https:\/\/promochaudiere.be\/nl\/wp-json\/wp\/v2\/product\/14030\/revisions"}],"predecessor-version":[{"id":53186,"href":"https:\/\/promochaudiere.be\/nl\/wp-json\/wp\/v2\/product\/14030\/revisions\/53186"}],"wp:featuredmedia":[{"embeddable":true,"href":"https:\/\/promochaudiere.be\/nl\/wp-json\/wp\/v2\/media\/22654"}],"wp:attachment":[{"href":"https:\/\/promochaudiere.be\/nl\/wp-json\/wp\/v2\/media?parent=14030"}],"wp:term":[{"taxonomy":"product_brand","embeddable":true,"href":"https:\/\/promochaudiere.be\/nl\/wp-json\/wp\/v2\/product_brand?post=14030"},{"taxonomy":"product_cat","embeddable":true,"href":"https:\/\/promochaudiere.be\/nl\/wp-json\/wp\/v2\/product_cat?post=14030"},{"taxonomy":"product_tag","embeddable":true,"href":"https:\/\/promochaudiere.be\/nl\/wp-json\/wp\/v2\/product_tag?post=14030"}],"curies":[{"name":"wp","href":"https:\/\/api.w.org\/{rel}","templated":true}]}}