{"id":14031,"date":"2025-01-17T09:49:45","date_gmt":"2025-01-17T09:49:45","guid":{"rendered":"https:\/\/promochaudiere.be\/produit\/detendeur-de-securite-37mbar-4kh-h-ggp100274\/"},"modified":"2026-02-03T18:14:52","modified_gmt":"2026-02-03T17:14:52","slug":"detendeur-de-securite-37mbar-4kh-h-ggp100274","status":"publish","type":"product","link":"https:\/\/promochaudiere.be\/nl\/product\/detendeur-de-securite-37mbar-4kh-h-ggp100274\/","title":{"rendered":"DETENDEUR DE SECURITE 37MBAR 4KH\/H GGP100274"},"content":{"rendered":"<p>Le d\u00e9tendeur de s\u00e9curit\u00e9 GGP100274 est con\u00e7u pour fournir un d\u00e9bit constant tout en prot\u00e9geant les installations contre les surpressions. Sa capacit\u00e9 de 4 kg\/h et son r\u00e9glage \u00e0 37 mbar en font un accessoire fiable pour les appareils fonctionnant au gaz. Il assure une performance optimale et une s\u00e9curit\u00e9 maximale.<\/p>","protected":false},"excerpt":{"rendered":"<p>DETENDEUR DE SECURITE 37MBAR 4KH\/H GGP100274<\/p>","protected":false},"featured_media":21588,"comment_status":"open","ping_status":"closed","template":"","meta":[],"product_brand":[],"product_cat":[5549,8840],"product_tag":[],"class_list":{"0":"post-14031","1":"product","2":"type-product","3":"status-publish","4":"has-post-thumbnail","6":"product_cat-accessoires-gaz","7":"product_cat-test","9":"first","10":"instock","11":"sale","12":"taxable","13":"shipping-taxable","14":"purchasable","15":"product-type-simple"},"aioseo_notices":[],"_links":{"self":[{"href":"https:\/\/promochaudiere.be\/nl\/wp-json\/wp\/v2\/product\/14031","targetHints":{"allow":["GET"]}}],"collection":[{"href":"https:\/\/promochaudiere.be\/nl\/wp-json\/wp\/v2\/product"}],"about":[{"href":"https:\/\/promochaudiere.be\/nl\/wp-json\/wp\/v2\/types\/product"}],"replies":[{"embeddable":true,"href":"https:\/\/promochaudiere.be\/nl\/wp-json\/wp\/v2\/comments?post=14031"}],"version-history":[{"count":1,"href":"https:\/\/promochaudiere.be\/nl\/wp-json\/wp\/v2\/product\/14031\/revisions"}],"predecessor-version":[{"id":53185,"href":"https:\/\/promochaudiere.be\/nl\/wp-json\/wp\/v2\/product\/14031\/revisions\/53185"}],"wp:featuredmedia":[{"embeddable":true,"href":"https:\/\/promochaudiere.be\/nl\/wp-json\/wp\/v2\/media\/21588"}],"wp:attachment":[{"href":"https:\/\/promochaudiere.be\/nl\/wp-json\/wp\/v2\/media?parent=14031"}],"wp:term":[{"taxonomy":"product_brand","embeddable":true,"href":"https:\/\/promochaudiere.be\/nl\/wp-json\/wp\/v2\/product_brand?post=14031"},{"taxonomy":"product_cat","embeddable":true,"href":"https:\/\/promochaudiere.be\/nl\/wp-json\/wp\/v2\/product_cat?post=14031"},{"taxonomy":"product_tag","embeddable":true,"href":"https:\/\/promochaudiere.be\/nl\/wp-json\/wp\/v2\/product_tag?post=14031"}],"curies":[{"name":"wp","href":"https:\/\/api.w.org\/{rel}","templated":true}]}}