{"id":14036,"date":"2025-01-17T09:49:47","date_gmt":"2025-01-17T09:49:47","guid":{"rendered":"https:\/\/promochaudiere.be\/produit\/honeywell-tete-thermostatique-pour-evohome-sans-ecran-hr91\/"},"modified":"2026-02-03T18:14:52","modified_gmt":"2026-02-03T17:14:52","slug":"honeywell-tete-thermostatique-pour-evohome-sans-ecran-hr91","status":"publish","type":"product","link":"https:\/\/promochaudiere.be\/nl\/product\/honeywell-tete-thermostatique-pour-evohome-sans-ecran-hr91\/","title":{"rendered":"HONEYWELL T\u00caTE THERMOSTATIQUE POUR EVOHOME SANS \u00c9CRAN HR91"},"content":{"rendered":"<p>La t\u00eate thermostatique Honeywell HR91 est sp\u00e9cialement con\u00e7ue pour le syst\u00e8me de chauffage Evohome. Sans fil, elle permet un contr\u00f4le pr\u00e9cis de la temp\u00e9rature dans chaque pi\u00e8ce, offrant ainsi un confort optimal. Son installation est simple et rapide, sans n\u00e9cessit\u00e9 de c\u00e2blage. Un accessoire indispensable pour une gestion intelligente et efficace du chauffage domestique.<\/p>","protected":false},"excerpt":{"rendered":"<p>HONEYWELL T\u00caTE THERMOSTATIQUE POUR EVOHOME SANS \u00c9CRAN HR91<\/p>","protected":false},"featured_media":22014,"comment_status":"open","ping_status":"closed","template":"","meta":[],"product_brand":[],"product_cat":[8840,530],"product_tag":[],"class_list":{"0":"post-14036","1":"product","2":"type-product","3":"status-publish","4":"has-post-thumbnail","6":"product_cat-test","7":"product_cat-thermostat-honeywell","8":"pa_marque-honeywell","10":"first","11":"instock","12":"sale","13":"taxable","14":"shipping-taxable","15":"purchasable","16":"product-type-simple"},"aioseo_notices":[],"_links":{"self":[{"href":"https:\/\/promochaudiere.be\/nl\/wp-json\/wp\/v2\/product\/14036","targetHints":{"allow":["GET"]}}],"collection":[{"href":"https:\/\/promochaudiere.be\/nl\/wp-json\/wp\/v2\/product"}],"about":[{"href":"https:\/\/promochaudiere.be\/nl\/wp-json\/wp\/v2\/types\/product"}],"replies":[{"embeddable":true,"href":"https:\/\/promochaudiere.be\/nl\/wp-json\/wp\/v2\/comments?post=14036"}],"version-history":[{"count":1,"href":"https:\/\/promochaudiere.be\/nl\/wp-json\/wp\/v2\/product\/14036\/revisions"}],"predecessor-version":[{"id":45860,"href":"https:\/\/promochaudiere.be\/nl\/wp-json\/wp\/v2\/product\/14036\/revisions\/45860"}],"wp:featuredmedia":[{"embeddable":true,"href":"https:\/\/promochaudiere.be\/nl\/wp-json\/wp\/v2\/media\/22014"}],"wp:attachment":[{"href":"https:\/\/promochaudiere.be\/nl\/wp-json\/wp\/v2\/media?parent=14036"}],"wp:term":[{"taxonomy":"product_brand","embeddable":true,"href":"https:\/\/promochaudiere.be\/nl\/wp-json\/wp\/v2\/product_brand?post=14036"},{"taxonomy":"product_cat","embeddable":true,"href":"https:\/\/promochaudiere.be\/nl\/wp-json\/wp\/v2\/product_cat?post=14036"},{"taxonomy":"product_tag","embeddable":true,"href":"https:\/\/promochaudiere.be\/nl\/wp-json\/wp\/v2\/product_tag?post=14036"}],"curies":[{"name":"wp","href":"https:\/\/api.w.org\/{rel}","templated":true}]}}