{"id":14037,"date":"2025-01-17T09:49:47","date_gmt":"2025-01-17T09:49:47","guid":{"rendered":"https:\/\/promochaudiere.be\/produit\/junkers-detection-manque-deau-zwr-3ke-ae-fd768-87174060690\/"},"modified":"2026-02-03T18:14:53","modified_gmt":"2026-02-03T17:14:53","slug":"junkers-detection-manque-deau-zwr-3ke-ae-fd768-87174060690","status":"publish","type":"product","link":"https:\/\/promochaudiere.be\/nl\/product\/junkers-detection-manque-deau-zwr-3ke-ae-fd768-87174060690\/","title":{"rendered":"Junkers d\u00e9tection manque d&rsquo;eau ZWR 3KE\/AE FD768 87174060690"},"content":{"rendered":"<p>Ce dispositif Junkers permet de d\u00e9tecter les niveaux bas d\u2019eau dans les chaudi\u00e8res et de pr\u00e9venir les risques de surchauffe. Il assure ainsi un fonctionnement s\u00e9curis\u00e9 et prolonge la dur\u00e9e de vie des \u00e9quipements.<\/p>","protected":false},"excerpt":{"rendered":"<p>Junkers d\u00e9tection manque d&rsquo;eau ZWR 3KE\/AE FD768 87174060690<\/p>","protected":false},"featured_media":21719,"comment_status":"open","ping_status":"closed","template":"","meta":[],"product_brand":[],"product_cat":[9485,8840],"product_tag":[],"class_list":{"0":"post-14037","1":"product","2":"type-product","3":"status-publish","4":"has-post-thumbnail","6":"product_cat-pieces-detachees-bosch","7":"product_cat-test","8":"pa_marque-junkers","10":"first","11":"instock","12":"sale","13":"taxable","14":"shipping-taxable","15":"purchasable","16":"product-type-simple"},"aioseo_notices":[],"_links":{"self":[{"href":"https:\/\/promochaudiere.be\/nl\/wp-json\/wp\/v2\/product\/14037","targetHints":{"allow":["GET"]}}],"collection":[{"href":"https:\/\/promochaudiere.be\/nl\/wp-json\/wp\/v2\/product"}],"about":[{"href":"https:\/\/promochaudiere.be\/nl\/wp-json\/wp\/v2\/types\/product"}],"replies":[{"embeddable":true,"href":"https:\/\/promochaudiere.be\/nl\/wp-json\/wp\/v2\/comments?post=14037"}],"version-history":[{"count":1,"href":"https:\/\/promochaudiere.be\/nl\/wp-json\/wp\/v2\/product\/14037\/revisions"}],"predecessor-version":[{"id":45861,"href":"https:\/\/promochaudiere.be\/nl\/wp-json\/wp\/v2\/product\/14037\/revisions\/45861"}],"wp:featuredmedia":[{"embeddable":true,"href":"https:\/\/promochaudiere.be\/nl\/wp-json\/wp\/v2\/media\/21719"}],"wp:attachment":[{"href":"https:\/\/promochaudiere.be\/nl\/wp-json\/wp\/v2\/media?parent=14037"}],"wp:term":[{"taxonomy":"product_brand","embeddable":true,"href":"https:\/\/promochaudiere.be\/nl\/wp-json\/wp\/v2\/product_brand?post=14037"},{"taxonomy":"product_cat","embeddable":true,"href":"https:\/\/promochaudiere.be\/nl\/wp-json\/wp\/v2\/product_cat?post=14037"},{"taxonomy":"product_tag","embeddable":true,"href":"https:\/\/promochaudiere.be\/nl\/wp-json\/wp\/v2\/product_tag?post=14037"}],"curies":[{"name":"wp","href":"https:\/\/api.w.org\/{rel}","templated":true}]}}