{"id":14040,"date":"2025-01-17T09:49:48","date_gmt":"2025-01-17T09:49:48","guid":{"rendered":"https:\/\/promochaudiere.be\/produit\/valve-knits-2-009200\/"},"modified":"2026-02-03T18:14:53","modified_gmt":"2026-02-03T17:14:53","slug":"valve-knits-2-009200","status":"publish","type":"product","link":"https:\/\/promochaudiere.be\/nl\/product\/valve-knits-2-009200\/","title":{"rendered":"Valve knits 2 009200"},"content":{"rendered":"<p>Cette valve Knits 2 est con\u00e7ue pour assurer une r\u00e9gulation efficace des syst\u00e8mes hydrauliques. Elle garantit un d\u00e9bit fluide et homog\u00e8ne. Fabriqu\u00e9e en mat\u00e9riau robuste, elle assure une durabilit\u00e9 maximale. Facile \u00e0 installer, elle optimise le fonctionnement des circuits. Un composant cl\u00e9 pour une gestion pr\u00e9cise des fluides.<\/p>","protected":false},"excerpt":{"rendered":"<p>Valve knits 2 009200<\/p>","protected":false},"featured_media":21983,"comment_status":"open","ping_status":"closed","template":"","meta":[],"product_brand":[],"product_cat":[2791,8840],"product_tag":[],"class_list":{"0":"post-14040","1":"product","2":"type-product","3":"status-publish","4":"has-post-thumbnail","6":"product_cat-accessoires-de-ventilation","7":"product_cat-test","9":"first","10":"instock","11":"sale","12":"taxable","13":"shipping-taxable","14":"purchasable","15":"product-type-simple"},"aioseo_notices":[],"_links":{"self":[{"href":"https:\/\/promochaudiere.be\/nl\/wp-json\/wp\/v2\/product\/14040","targetHints":{"allow":["GET"]}}],"collection":[{"href":"https:\/\/promochaudiere.be\/nl\/wp-json\/wp\/v2\/product"}],"about":[{"href":"https:\/\/promochaudiere.be\/nl\/wp-json\/wp\/v2\/types\/product"}],"replies":[{"embeddable":true,"href":"https:\/\/promochaudiere.be\/nl\/wp-json\/wp\/v2\/comments?post=14040"}],"version-history":[{"count":1,"href":"https:\/\/promochaudiere.be\/nl\/wp-json\/wp\/v2\/product\/14040\/revisions"}],"predecessor-version":[{"id":53180,"href":"https:\/\/promochaudiere.be\/nl\/wp-json\/wp\/v2\/product\/14040\/revisions\/53180"}],"wp:featuredmedia":[{"embeddable":true,"href":"https:\/\/promochaudiere.be\/nl\/wp-json\/wp\/v2\/media\/21983"}],"wp:attachment":[{"href":"https:\/\/promochaudiere.be\/nl\/wp-json\/wp\/v2\/media?parent=14040"}],"wp:term":[{"taxonomy":"product_brand","embeddable":true,"href":"https:\/\/promochaudiere.be\/nl\/wp-json\/wp\/v2\/product_brand?post=14040"},{"taxonomy":"product_cat","embeddable":true,"href":"https:\/\/promochaudiere.be\/nl\/wp-json\/wp\/v2\/product_cat?post=14040"},{"taxonomy":"product_tag","embeddable":true,"href":"https:\/\/promochaudiere.be\/nl\/wp-json\/wp\/v2\/product_tag?post=14040"}],"curies":[{"name":"wp","href":"https:\/\/api.w.org\/{rel}","templated":true}]}}