{"id":14041,"date":"2025-01-17T09:49:49","date_gmt":"2025-01-17T09:49:49","guid":{"rendered":"https:\/\/promochaudiere.be\/produit\/duco-plenum-pour-sol-et-plafond-3xovalf-plus-1xovalm-ducoflex-00004701\/"},"modified":"2026-02-03T18:14:53","modified_gmt":"2026-02-03T17:14:53","slug":"duco-plenum-pour-sol-et-plafond-3xovalf-plus-1xovalm-ducoflex-00004701","status":"publish","type":"product","link":"https:\/\/promochaudiere.be\/nl\/product\/duco-plenum-pour-sol-et-plafond-3xovalf-plus-1xovalm-ducoflex-00004701\/","title":{"rendered":"Duco PLENUM POUR SOL ET PLAFOND 3XOVAL(F) plus 1XOVAL(M) DUCOFLEX 00004701"},"content":{"rendered":"<p>Ce pl\u00e9num Duco est con\u00e7u pour une distribution efficace de l\u2019air dans les installations de ventilation au sol et au plafond. Il dispose de trois sorties ovales et d\u2019une connexion de 180mm pour assurer une diffusion homog\u00e8ne. Fabriqu\u00e9 avec des mat\u00e9riaux r\u00e9sistants, il garantit une excellente \u00e9tanch\u00e9it\u00e9 et une performance optimale. Son installation simple le rend compatible avec divers syst\u00e8mes de ventilation Duco. Il permet une r\u00e9partition \u00e9quilibr\u00e9e de l\u2019air dans les espaces int\u00e9rieurs. Une solution id\u00e9ale pour une gestion pr\u00e9cise du flux d\u2019air.<\/p>","protected":false},"excerpt":{"rendered":"<p>Duco PLENUM POUR SOL ET PLAFOND 3XOVAL(F) plus 1XOVAL(M) DUCOFLEX 00004701<\/p>","protected":false},"featured_media":22261,"comment_status":"closed","ping_status":"closed","template":"","meta":[],"product_brand":[],"product_cat":[10933,8840],"product_tag":[],"class_list":{"0":"post-14041","1":"product","2":"type-product","3":"status-publish","4":"has-post-thumbnail","6":"product_cat-canal-duco","7":"product_cat-test","8":"pa_marque-duco","10":"first","11":"instock","12":"sale","13":"taxable","14":"shipping-taxable","15":"purchasable","16":"product-type-simple"},"aioseo_notices":[],"_links":{"self":[{"href":"https:\/\/promochaudiere.be\/nl\/wp-json\/wp\/v2\/product\/14041","targetHints":{"allow":["GET"]}}],"collection":[{"href":"https:\/\/promochaudiere.be\/nl\/wp-json\/wp\/v2\/product"}],"about":[{"href":"https:\/\/promochaudiere.be\/nl\/wp-json\/wp\/v2\/types\/product"}],"replies":[{"embeddable":true,"href":"https:\/\/promochaudiere.be\/nl\/wp-json\/wp\/v2\/comments?post=14041"}],"version-history":[{"count":1,"href":"https:\/\/promochaudiere.be\/nl\/wp-json\/wp\/v2\/product\/14041\/revisions"}],"predecessor-version":[{"id":45856,"href":"https:\/\/promochaudiere.be\/nl\/wp-json\/wp\/v2\/product\/14041\/revisions\/45856"}],"wp:featuredmedia":[{"embeddable":true,"href":"https:\/\/promochaudiere.be\/nl\/wp-json\/wp\/v2\/media\/22261"}],"wp:attachment":[{"href":"https:\/\/promochaudiere.be\/nl\/wp-json\/wp\/v2\/media?parent=14041"}],"wp:term":[{"taxonomy":"product_brand","embeddable":true,"href":"https:\/\/promochaudiere.be\/nl\/wp-json\/wp\/v2\/product_brand?post=14041"},{"taxonomy":"product_cat","embeddable":true,"href":"https:\/\/promochaudiere.be\/nl\/wp-json\/wp\/v2\/product_cat?post=14041"},{"taxonomy":"product_tag","embeddable":true,"href":"https:\/\/promochaudiere.be\/nl\/wp-json\/wp\/v2\/product_tag?post=14041"}],"curies":[{"name":"wp","href":"https:\/\/api.w.org\/{rel}","templated":true}]}}