{"id":14042,"date":"2025-01-17T09:49:49","date_gmt":"2025-01-17T09:49:49","guid":{"rendered":"https:\/\/promochaudiere.be\/produit\/duco-plenum-pour-sol-et-plafond-4xovalf-ducoflex-d160-00004687\/"},"modified":"2026-02-03T18:14:53","modified_gmt":"2026-02-03T17:14:53","slug":"duco-plenum-pour-sol-et-plafond-4xovalf-ducoflex-d160-00004687","status":"publish","type":"product","link":"https:\/\/promochaudiere.be\/nl\/product\/duco-plenum-pour-sol-et-plafond-4xovalf-ducoflex-d160-00004687\/","title":{"rendered":"Duco PLENUM POUR SOL ET PLAFOND 4XOVAL(F) DUCOFLEX D160 00004687"},"content":{"rendered":"<p>Ce plenum assure une distribution uniforme de l\u2019air dans les syst\u00e8mes de ventilation. Il permet une int\u00e9gration flexible aux conduits DUCOFLEX D160. Sa conception garantit un d\u00e9bit d\u2019air homog\u00e8ne et silencieux. Facile \u00e0 poser, il s\u2019adapte aux installations au sol ou au plafond. Son mat\u00e9riau robuste offre une r\u00e9sistance accrue aux variations de temp\u00e9rature. Une solution efficace pour une ventilation optimis\u00e9e.<\/p>","protected":false},"excerpt":{"rendered":"<p>Duco PLENUM POUR SOL ET PLAFOND 4XOVAL(F) DUCOFLEX D160 00004687<\/p>","protected":false},"featured_media":22260,"comment_status":"open","ping_status":"closed","template":"","meta":[],"product_brand":[],"product_cat":[10933,8840],"product_tag":[],"class_list":{"0":"post-14042","1":"product","2":"type-product","3":"status-publish","4":"has-post-thumbnail","6":"product_cat-canal-duco","7":"product_cat-test","8":"pa_marque-duco","10":"first","11":"instock","12":"sale","13":"taxable","14":"shipping-taxable","15":"purchasable","16":"product-type-simple"},"aioseo_notices":[],"_links":{"self":[{"href":"https:\/\/promochaudiere.be\/nl\/wp-json\/wp\/v2\/product\/14042","targetHints":{"allow":["GET"]}}],"collection":[{"href":"https:\/\/promochaudiere.be\/nl\/wp-json\/wp\/v2\/product"}],"about":[{"href":"https:\/\/promochaudiere.be\/nl\/wp-json\/wp\/v2\/types\/product"}],"replies":[{"embeddable":true,"href":"https:\/\/promochaudiere.be\/nl\/wp-json\/wp\/v2\/comments?post=14042"}],"version-history":[{"count":1,"href":"https:\/\/promochaudiere.be\/nl\/wp-json\/wp\/v2\/product\/14042\/revisions"}],"predecessor-version":[{"id":45857,"href":"https:\/\/promochaudiere.be\/nl\/wp-json\/wp\/v2\/product\/14042\/revisions\/45857"}],"wp:featuredmedia":[{"embeddable":true,"href":"https:\/\/promochaudiere.be\/nl\/wp-json\/wp\/v2\/media\/22260"}],"wp:attachment":[{"href":"https:\/\/promochaudiere.be\/nl\/wp-json\/wp\/v2\/media?parent=14042"}],"wp:term":[{"taxonomy":"product_brand","embeddable":true,"href":"https:\/\/promochaudiere.be\/nl\/wp-json\/wp\/v2\/product_brand?post=14042"},{"taxonomy":"product_cat","embeddable":true,"href":"https:\/\/promochaudiere.be\/nl\/wp-json\/wp\/v2\/product_cat?post=14042"},{"taxonomy":"product_tag","embeddable":true,"href":"https:\/\/promochaudiere.be\/nl\/wp-json\/wp\/v2\/product_tag?post=14042"}],"curies":[{"name":"wp","href":"https:\/\/api.w.org\/{rel}","templated":true}]}}