{"id":14043,"date":"2025-01-17T09:49:49","date_gmt":"2025-01-17T09:49:49","guid":{"rendered":"https:\/\/promochaudiere.be\/produit\/rofix-console-universelle-pour-pompe-fixations-40003608\/"},"modified":"2026-02-03T18:13:45","modified_gmt":"2026-02-03T17:13:45","slug":"rofix-console-universelle-pour-pompe-fixations-40003608","status":"publish","type":"product","link":"https:\/\/promochaudiere.be\/nl\/product\/rofix-console-universelle-pour-pompe-fixations-40003608\/","title":{"rendered":"Rofix Console universelle pour pompe + fixations 40003608"},"content":{"rendered":"<p>Cette console universelle Rofix permet de fixer solidement une pompe dans un circuit hydraulique. Elle assure une stabilit\u00e9 maximale et r\u00e9duit les vibrations. Compatible avec plusieurs mod\u00e8les de pompes, elle facilite l\u2019installation. Fabriqu\u00e9e en mat\u00e9riau r\u00e9sistant, elle garantit une excellente long\u00e9vit\u00e9. Un choix parfait pour une fixation robuste et s\u00e9curis\u00e9e.<\/p>","protected":false},"excerpt":{"rendered":"<p>Rofix Console universelle pour pompe + fixations 40003608<\/p>","protected":false},"featured_media":22455,"comment_status":"open","ping_status":"closed","template":"","meta":[],"product_brand":[],"product_cat":[5491,8840],"product_tag":[],"class_list":{"0":"post-14043","1":"product","2":"type-product","3":"status-publish","4":"has-post-thumbnail","6":"product_cat-accessoires-fr","7":"product_cat-test","8":"pa_marque-rofix","10":"first","11":"instock","12":"sale","13":"taxable","14":"shipping-taxable","15":"purchasable","16":"product-type-simple"},"aioseo_notices":[],"_links":{"self":[{"href":"https:\/\/promochaudiere.be\/nl\/wp-json\/wp\/v2\/product\/14043","targetHints":{"allow":["GET"]}}],"collection":[{"href":"https:\/\/promochaudiere.be\/nl\/wp-json\/wp\/v2\/product"}],"about":[{"href":"https:\/\/promochaudiere.be\/nl\/wp-json\/wp\/v2\/types\/product"}],"replies":[{"embeddable":true,"href":"https:\/\/promochaudiere.be\/nl\/wp-json\/wp\/v2\/comments?post=14043"}],"version-history":[{"count":1,"href":"https:\/\/promochaudiere.be\/nl\/wp-json\/wp\/v2\/product\/14043\/revisions"}],"predecessor-version":[{"id":53179,"href":"https:\/\/promochaudiere.be\/nl\/wp-json\/wp\/v2\/product\/14043\/revisions\/53179"}],"wp:featuredmedia":[{"embeddable":true,"href":"https:\/\/promochaudiere.be\/nl\/wp-json\/wp\/v2\/media\/22455"}],"wp:attachment":[{"href":"https:\/\/promochaudiere.be\/nl\/wp-json\/wp\/v2\/media?parent=14043"}],"wp:term":[{"taxonomy":"product_brand","embeddable":true,"href":"https:\/\/promochaudiere.be\/nl\/wp-json\/wp\/v2\/product_brand?post=14043"},{"taxonomy":"product_cat","embeddable":true,"href":"https:\/\/promochaudiere.be\/nl\/wp-json\/wp\/v2\/product_cat?post=14043"},{"taxonomy":"product_tag","embeddable":true,"href":"https:\/\/promochaudiere.be\/nl\/wp-json\/wp\/v2\/product_tag?post=14043"}],"curies":[{"name":"wp","href":"https:\/\/api.w.org\/{rel}","templated":true}]}}