{"id":14044,"date":"2025-01-17T09:49:50","date_gmt":"2025-01-17T09:49:50","guid":{"rendered":"https:\/\/promochaudiere.be\/produit\/filtre-a-eau-cintropur-nw18-3-4-fwccnw180\/"},"modified":"2026-02-03T18:14:53","modified_gmt":"2026-02-03T17:14:53","slug":"filtre-a-eau-cintropur-nw18-3-4-fwccnw180","status":"publish","type":"product","link":"https:\/\/promochaudiere.be\/nl\/product\/filtre-a-eau-cintropur-nw18-3-4-fwccnw180\/","title":{"rendered":"Filtre \u00e0 eau cintropur  nw18 &#8211; 3\/4 FWCCNW180"},"content":{"rendered":"<p>Le filtre Cintropur NW18 est con\u00e7u pour \u00e9liminer les impuret\u00e9s pr\u00e9sentes dans l\u2019eau et prot\u00e9ger les \u00e9quipements de plomberie. Son efficacit\u00e9 de filtration garantit une eau plus propre et une installation plus performante. Son entretien simple permet un usage durable et \u00e9conomique.<\/p>","protected":false},"excerpt":{"rendered":"<p>Filtre \u00e0 eau cintropur  nw18 &#8211; 3\/4 FWCCNW180<\/p>","protected":false},"featured_media":21592,"comment_status":"open","ping_status":"closed","template":"","meta":[],"product_brand":[],"product_cat":[336,8840],"product_tag":[],"class_list":{"0":"post-14044","1":"product","2":"type-product","3":"status-publish","4":"has-post-thumbnail","6":"product_cat-filtre-traitement-deau","7":"product_cat-test","9":"first","10":"instock","11":"sale","12":"taxable","13":"shipping-taxable","14":"purchasable","15":"product-type-simple"},"aioseo_notices":[],"_links":{"self":[{"href":"https:\/\/promochaudiere.be\/nl\/wp-json\/wp\/v2\/product\/14044","targetHints":{"allow":["GET"]}}],"collection":[{"href":"https:\/\/promochaudiere.be\/nl\/wp-json\/wp\/v2\/product"}],"about":[{"href":"https:\/\/promochaudiere.be\/nl\/wp-json\/wp\/v2\/types\/product"}],"replies":[{"embeddable":true,"href":"https:\/\/promochaudiere.be\/nl\/wp-json\/wp\/v2\/comments?post=14044"}],"version-history":[{"count":1,"href":"https:\/\/promochaudiere.be\/nl\/wp-json\/wp\/v2\/product\/14044\/revisions"}],"predecessor-version":[{"id":53178,"href":"https:\/\/promochaudiere.be\/nl\/wp-json\/wp\/v2\/product\/14044\/revisions\/53178"}],"wp:featuredmedia":[{"embeddable":true,"href":"https:\/\/promochaudiere.be\/nl\/wp-json\/wp\/v2\/media\/21592"}],"wp:attachment":[{"href":"https:\/\/promochaudiere.be\/nl\/wp-json\/wp\/v2\/media?parent=14044"}],"wp:term":[{"taxonomy":"product_brand","embeddable":true,"href":"https:\/\/promochaudiere.be\/nl\/wp-json\/wp\/v2\/product_brand?post=14044"},{"taxonomy":"product_cat","embeddable":true,"href":"https:\/\/promochaudiere.be\/nl\/wp-json\/wp\/v2\/product_cat?post=14044"},{"taxonomy":"product_tag","embeddable":true,"href":"https:\/\/promochaudiere.be\/nl\/wp-json\/wp\/v2\/product_tag?post=14044"}],"curies":[{"name":"wp","href":"https:\/\/api.w.org\/{rel}","templated":true}]}}