{"id":14045,"date":"2025-01-17T09:49:50","date_gmt":"2025-01-17T09:49:50","guid":{"rendered":"https:\/\/promochaudiere.be\/produit\/watts-flotteur-a-10m-de-cable-420310\/"},"modified":"2026-02-03T18:14:54","modified_gmt":"2026-02-03T17:14:54","slug":"watts-flotteur-a-10m-de-cable-420310","status":"publish","type":"product","link":"https:\/\/promochaudiere.be\/nl\/product\/watts-flotteur-a-10m-de-cable-420310\/","title":{"rendered":"Watts Flotteur a 10M de cable 420310"},"content":{"rendered":"<p>Ce flotteur Watts est con\u00e7u pour assurer la r\u00e9gulation automatique du niveau d\u2019eau dans les r\u00e9servoirs et syst\u00e8mes de pompage. Son c\u00e2ble de 10m permet une installation flexible. Il garantit un contr\u00f4le pr\u00e9cis du remplissage et de la vidange. Facile \u00e0 int\u00e9grer, il am\u00e9liore la gestion des fluides. Un accessoire essentiel pour une installation hydraulique efficace.<\/p>","protected":false},"excerpt":{"rendered":"<p>Watts Flotteur a 10M de cable 420310<\/p>","protected":false},"featured_media":22182,"comment_status":"open","ping_status":"closed","template":"","meta":[],"product_brand":[],"product_cat":[822,8840],"product_tag":[],"class_list":{"0":"post-14045","1":"product","2":"type-product","3":"status-publish","4":"has-post-thumbnail","6":"product_cat-accessoire","7":"product_cat-test","8":"pa_marque-watts","10":"first","11":"instock","12":"sale","13":"taxable","14":"shipping-taxable","15":"purchasable","16":"product-type-simple"},"aioseo_notices":[],"_links":{"self":[{"href":"https:\/\/promochaudiere.be\/nl\/wp-json\/wp\/v2\/product\/14045","targetHints":{"allow":["GET"]}}],"collection":[{"href":"https:\/\/promochaudiere.be\/nl\/wp-json\/wp\/v2\/product"}],"about":[{"href":"https:\/\/promochaudiere.be\/nl\/wp-json\/wp\/v2\/types\/product"}],"replies":[{"embeddable":true,"href":"https:\/\/promochaudiere.be\/nl\/wp-json\/wp\/v2\/comments?post=14045"}],"version-history":[{"count":1,"href":"https:\/\/promochaudiere.be\/nl\/wp-json\/wp\/v2\/product\/14045\/revisions"}],"predecessor-version":[{"id":53177,"href":"https:\/\/promochaudiere.be\/nl\/wp-json\/wp\/v2\/product\/14045\/revisions\/53177"}],"wp:featuredmedia":[{"embeddable":true,"href":"https:\/\/promochaudiere.be\/nl\/wp-json\/wp\/v2\/media\/22182"}],"wp:attachment":[{"href":"https:\/\/promochaudiere.be\/nl\/wp-json\/wp\/v2\/media?parent=14045"}],"wp:term":[{"taxonomy":"product_brand","embeddable":true,"href":"https:\/\/promochaudiere.be\/nl\/wp-json\/wp\/v2\/product_brand?post=14045"},{"taxonomy":"product_cat","embeddable":true,"href":"https:\/\/promochaudiere.be\/nl\/wp-json\/wp\/v2\/product_cat?post=14045"},{"taxonomy":"product_tag","embeddable":true,"href":"https:\/\/promochaudiere.be\/nl\/wp-json\/wp\/v2\/product_tag?post=14045"}],"curies":[{"name":"wp","href":"https:\/\/api.w.org\/{rel}","templated":true}]}}