{"id":14046,"date":"2025-01-17T09:49:50","date_gmt":"2025-01-17T09:49:50","guid":{"rendered":"https:\/\/promochaudiere.be\/produit\/vaillant-generateur-electrique-0010026694\/"},"modified":"2026-02-03T18:14:53","modified_gmt":"2026-02-03T17:14:53","slug":"vaillant-generateur-electrique-0010026694","status":"publish","type":"product","link":"https:\/\/promochaudiere.be\/nl\/product\/vaillant-generateur-electrique-0010026694\/","title":{"rendered":"Vaillant G\u00e9n\u00e9rateur \u00e9lectrique 0010026694"},"content":{"rendered":"<p>Ce g\u00e9n\u00e9rateur \u00e9lectrique Vaillant est con\u00e7u pour fournir une alimentation fiable aux chaudi\u00e8res et syst\u00e8mes de chauffage. Il garantit un fonctionnement stable m\u00eame en cas de coupures de courant. Sa technologie avanc\u00e9e assure une r\u00e9gulation automatique pour une meilleure gestion de l\u2019\u00e9nergie. Compact et performant, il est id\u00e9al pour s\u00e9curiser l\u2019approvisionnement \u00e9nerg\u00e9tique des installations thermiques.<\/p>","protected":false},"excerpt":{"rendered":"<p>Vaillant G\u00e9n\u00e9rateur \u00e9lectrique 0010026694<\/p>","protected":false},"featured_media":21727,"comment_status":"open","ping_status":"closed","template":"","meta":[],"product_brand":[],"product_cat":[8917,8840],"product_tag":[],"class_list":{"0":"post-14046","1":"product","2":"type-product","3":"status-publish","4":"has-post-thumbnail","6":"product_cat-pieces-detachees-vaillant","7":"product_cat-test","8":"pa_marque-vaillant","10":"first","11":"instock","12":"sale","13":"taxable","14":"shipping-taxable","15":"purchasable","16":"product-type-simple"},"aioseo_notices":[],"_links":{"self":[{"href":"https:\/\/promochaudiere.be\/nl\/wp-json\/wp\/v2\/product\/14046","targetHints":{"allow":["GET"]}}],"collection":[{"href":"https:\/\/promochaudiere.be\/nl\/wp-json\/wp\/v2\/product"}],"about":[{"href":"https:\/\/promochaudiere.be\/nl\/wp-json\/wp\/v2\/types\/product"}],"replies":[{"embeddable":true,"href":"https:\/\/promochaudiere.be\/nl\/wp-json\/wp\/v2\/comments?post=14046"}],"version-history":[{"count":1,"href":"https:\/\/promochaudiere.be\/nl\/wp-json\/wp\/v2\/product\/14046\/revisions"}],"predecessor-version":[{"id":53176,"href":"https:\/\/promochaudiere.be\/nl\/wp-json\/wp\/v2\/product\/14046\/revisions\/53176"}],"wp:featuredmedia":[{"embeddable":true,"href":"https:\/\/promochaudiere.be\/nl\/wp-json\/wp\/v2\/media\/21727"}],"wp:attachment":[{"href":"https:\/\/promochaudiere.be\/nl\/wp-json\/wp\/v2\/media?parent=14046"}],"wp:term":[{"taxonomy":"product_brand","embeddable":true,"href":"https:\/\/promochaudiere.be\/nl\/wp-json\/wp\/v2\/product_brand?post=14046"},{"taxonomy":"product_cat","embeddable":true,"href":"https:\/\/promochaudiere.be\/nl\/wp-json\/wp\/v2\/product_cat?post=14046"},{"taxonomy":"product_tag","embeddable":true,"href":"https:\/\/promochaudiere.be\/nl\/wp-json\/wp\/v2\/product_tag?post=14046"}],"curies":[{"name":"wp","href":"https:\/\/api.w.org\/{rel}","templated":true}]}}