{"id":14047,"date":"2025-01-17T09:49:51","date_gmt":"2025-01-17T09:49:51","guid":{"rendered":"https:\/\/promochaudiere.be\/produit\/vaillant-tube-de-pitot-chapeaux-vuivuw-2-32-5-094282\/"},"modified":"2026-02-03T18:14:53","modified_gmt":"2026-02-03T17:14:53","slug":"vaillant-tube-de-pitot-chapeaux-vuivuw-2-32-5-094282","status":"publish","type":"product","link":"https:\/\/promochaudiere.be\/nl\/product\/vaillant-tube-de-pitot-chapeaux-vuivuw-2-32-5-094282\/","title":{"rendered":"Vaillant tube de Pitot + chapeaux VUI+VU(W)\/2-3+2-5  094282"},"content":{"rendered":"<p>Ce tube de Pitot Vaillant est con\u00e7u pour mesurer avec pr\u00e9cision la pression diff\u00e9rentielle dans les chaudi\u00e8res. Il garantit un contr\u00f4le efficace du tirage et de la circulation des gaz. Son installation rapide et son mat\u00e9riau r\u00e9sistant assurent une longue dur\u00e9e de vie. Compatible avec plusieurs mod\u00e8les Vaillant, il optimise le rendement \u00e9nerg\u00e9tique. Un accessoire essentiel pour la maintenance et l\u2019efficacit\u00e9 du syst\u00e8me de chauffage.<\/p>","protected":false},"excerpt":{"rendered":"<p>Vaillant tube de Pitot + chapeaux VUI+VU(W)\/2-3+2-5  094282<\/p>","protected":false},"featured_media":22387,"comment_status":"open","ping_status":"closed","template":"","meta":[],"product_brand":[],"product_cat":[8917,8840],"product_tag":[],"class_list":{"0":"post-14047","1":"product","2":"type-product","3":"status-publish","4":"has-post-thumbnail","6":"product_cat-pieces-detachees-vaillant","7":"product_cat-test","8":"pa_marque-vaillant","10":"first","11":"instock","12":"sale","13":"taxable","14":"shipping-taxable","15":"purchasable","16":"product-type-simple"},"aioseo_notices":[],"_links":{"self":[{"href":"https:\/\/promochaudiere.be\/nl\/wp-json\/wp\/v2\/product\/14047","targetHints":{"allow":["GET"]}}],"collection":[{"href":"https:\/\/promochaudiere.be\/nl\/wp-json\/wp\/v2\/product"}],"about":[{"href":"https:\/\/promochaudiere.be\/nl\/wp-json\/wp\/v2\/types\/product"}],"replies":[{"embeddable":true,"href":"https:\/\/promochaudiere.be\/nl\/wp-json\/wp\/v2\/comments?post=14047"}],"version-history":[{"count":1,"href":"https:\/\/promochaudiere.be\/nl\/wp-json\/wp\/v2\/product\/14047\/revisions"}],"predecessor-version":[{"id":53175,"href":"https:\/\/promochaudiere.be\/nl\/wp-json\/wp\/v2\/product\/14047\/revisions\/53175"}],"wp:featuredmedia":[{"embeddable":true,"href":"https:\/\/promochaudiere.be\/nl\/wp-json\/wp\/v2\/media\/22387"}],"wp:attachment":[{"href":"https:\/\/promochaudiere.be\/nl\/wp-json\/wp\/v2\/media?parent=14047"}],"wp:term":[{"taxonomy":"product_brand","embeddable":true,"href":"https:\/\/promochaudiere.be\/nl\/wp-json\/wp\/v2\/product_brand?post=14047"},{"taxonomy":"product_cat","embeddable":true,"href":"https:\/\/promochaudiere.be\/nl\/wp-json\/wp\/v2\/product_cat?post=14047"},{"taxonomy":"product_tag","embeddable":true,"href":"https:\/\/promochaudiere.be\/nl\/wp-json\/wp\/v2\/product_tag?post=14047"}],"curies":[{"name":"wp","href":"https:\/\/api.w.org\/{rel}","templated":true}]}}