{"id":14050,"date":"2025-01-17T09:49:52","date_gmt":"2025-01-17T09:49:52","guid":{"rendered":"https:\/\/promochaudiere.be\/produit\/bosch-fixation-murale-pour-distributeur-circuit-cc-pour-2-circuits-8718584556\/"},"modified":"2026-02-03T18:13:44","modified_gmt":"2026-02-03T17:13:44","slug":"bosch-fixation-murale-pour-distributeur-circuit-cc-pour-2-circuits-8718584556","status":"publish","type":"product","link":"https:\/\/promochaudiere.be\/nl\/product\/bosch-fixation-murale-pour-distributeur-circuit-cc-pour-2-circuits-8718584556\/","title":{"rendered":"BOSCH FIXATION MURALE  POUR DISTRIBUTEUR CIRCUIT CC POUR 2 CIRCUITS 8718584556"},"content":{"rendered":"<p>Cette fixation murale Bosch est une solution id\u00e9ale pour s\u00e9curiser les distributeurs de circuits de chauffage sur les murs. Elle assure un maintien fiable et une installation rapide gr\u00e2ce \u00e0 son syst\u00e8me de fixation optimis\u00e9. Son rev\u00eatement anticorrosion garantit une longue dur\u00e9e de vie. Un accessoire incontournable pour une installation efficace et durable.<\/p>","protected":false},"excerpt":{"rendered":"<p>BOSCH FIXATION MURALE  POUR DISTRIBUTEUR CIRCUIT CC POUR 2 CIRCUITS 8718584556<\/p>","protected":false},"featured_media":21373,"comment_status":"open","ping_status":"closed","template":"","meta":[],"product_brand":[],"product_cat":[9489,8840],"product_tag":[],"class_list":{"0":"post-14050","1":"product","2":"type-product","3":"status-publish","4":"has-post-thumbnail","6":"product_cat-accessoire-de-raccordement-bosch","7":"product_cat-test","8":"pa_marque-bosch","10":"first","11":"instock","12":"sale","13":"taxable","14":"shipping-taxable","15":"purchasable","16":"product-type-simple"},"aioseo_notices":[],"_links":{"self":[{"href":"https:\/\/promochaudiere.be\/nl\/wp-json\/wp\/v2\/product\/14050","targetHints":{"allow":["GET"]}}],"collection":[{"href":"https:\/\/promochaudiere.be\/nl\/wp-json\/wp\/v2\/product"}],"about":[{"href":"https:\/\/promochaudiere.be\/nl\/wp-json\/wp\/v2\/types\/product"}],"replies":[{"embeddable":true,"href":"https:\/\/promochaudiere.be\/nl\/wp-json\/wp\/v2\/comments?post=14050"}],"version-history":[{"count":1,"href":"https:\/\/promochaudiere.be\/nl\/wp-json\/wp\/v2\/product\/14050\/revisions"}],"predecessor-version":[{"id":45855,"href":"https:\/\/promochaudiere.be\/nl\/wp-json\/wp\/v2\/product\/14050\/revisions\/45855"}],"wp:featuredmedia":[{"embeddable":true,"href":"https:\/\/promochaudiere.be\/nl\/wp-json\/wp\/v2\/media\/21373"}],"wp:attachment":[{"href":"https:\/\/promochaudiere.be\/nl\/wp-json\/wp\/v2\/media?parent=14050"}],"wp:term":[{"taxonomy":"product_brand","embeddable":true,"href":"https:\/\/promochaudiere.be\/nl\/wp-json\/wp\/v2\/product_brand?post=14050"},{"taxonomy":"product_cat","embeddable":true,"href":"https:\/\/promochaudiere.be\/nl\/wp-json\/wp\/v2\/product_cat?post=14050"},{"taxonomy":"product_tag","embeddable":true,"href":"https:\/\/promochaudiere.be\/nl\/wp-json\/wp\/v2\/product_tag?post=14050"}],"curies":[{"name":"wp","href":"https:\/\/api.w.org\/{rel}","templated":true}]}}