{"id":14054,"date":"2025-01-17T09:49:53","date_gmt":"2025-01-17T09:49:53","guid":{"rendered":"https:\/\/promochaudiere.be\/produit\/comap-combinaison-monotube-thermostat-solcoude-1-2-m22-rk8096045\/"},"modified":"2026-02-03T18:14:54","modified_gmt":"2026-02-03T17:14:54","slug":"comap-combinaison-monotube-thermostat-solcoude-1-2-m22-rk8096045","status":"publish","type":"product","link":"https:\/\/promochaudiere.be\/nl\/product\/comap-combinaison-monotube-thermostat-solcoude-1-2-m22-rk8096045\/","title":{"rendered":"Comap COMBINAISON MONOTUBE THERMOSTAT  SOL+COUDE 1\/2-M22 RK8096045"},"content":{"rendered":"<p>Ce kit Comap permet d\u2019int\u00e9grer un thermostat \u00e0 un circuit monotube avec une sortie au sol. Gr\u00e2ce \u00e0 son coude int\u00e9gr\u00e9, il facilite l\u2019installation et optimise le contr\u00f4le de la temp\u00e9rature pour un chauffage efficace et \u00e9conomique.<\/p>","protected":false},"excerpt":{"rendered":"<p>Comap COMBINAISON MONOTUBE THERMOSTAT  SOL+COUDE 1\/2-M22 RK8096045<\/p>","protected":false},"featured_media":21735,"comment_status":"open","ping_status":"closed","template":"","meta":[],"product_brand":[],"product_cat":[574,8840],"product_tag":[],"class_list":{"0":"post-14054","1":"product","2":"type-product","3":"status-publish","4":"has-post-thumbnail","6":"product_cat-accessoires-radiateurs","7":"product_cat-test","8":"pa_marque-comap","10":"first","11":"instock","12":"sale","13":"taxable","14":"shipping-taxable","15":"purchasable","16":"product-type-simple"},"aioseo_notices":[],"_links":{"self":[{"href":"https:\/\/promochaudiere.be\/nl\/wp-json\/wp\/v2\/product\/14054","targetHints":{"allow":["GET"]}}],"collection":[{"href":"https:\/\/promochaudiere.be\/nl\/wp-json\/wp\/v2\/product"}],"about":[{"href":"https:\/\/promochaudiere.be\/nl\/wp-json\/wp\/v2\/types\/product"}],"replies":[{"embeddable":true,"href":"https:\/\/promochaudiere.be\/nl\/wp-json\/wp\/v2\/comments?post=14054"}],"version-history":[{"count":1,"href":"https:\/\/promochaudiere.be\/nl\/wp-json\/wp\/v2\/product\/14054\/revisions"}],"predecessor-version":[{"id":45854,"href":"https:\/\/promochaudiere.be\/nl\/wp-json\/wp\/v2\/product\/14054\/revisions\/45854"}],"wp:featuredmedia":[{"embeddable":true,"href":"https:\/\/promochaudiere.be\/nl\/wp-json\/wp\/v2\/media\/21735"}],"wp:attachment":[{"href":"https:\/\/promochaudiere.be\/nl\/wp-json\/wp\/v2\/media?parent=14054"}],"wp:term":[{"taxonomy":"product_brand","embeddable":true,"href":"https:\/\/promochaudiere.be\/nl\/wp-json\/wp\/v2\/product_brand?post=14054"},{"taxonomy":"product_cat","embeddable":true,"href":"https:\/\/promochaudiere.be\/nl\/wp-json\/wp\/v2\/product_cat?post=14054"},{"taxonomy":"product_tag","embeddable":true,"href":"https:\/\/promochaudiere.be\/nl\/wp-json\/wp\/v2\/product_tag?post=14054"}],"curies":[{"name":"wp","href":"https:\/\/api.w.org\/{rel}","templated":true}]}}