{"id":14060,"date":"2025-01-17T09:49:55","date_gmt":"2025-01-17T09:49:55","guid":{"rendered":"https:\/\/promochaudiere.be\/produit\/fernox-kit-test-protecteur-37906\/"},"modified":"2026-02-03T18:14:54","modified_gmt":"2026-02-03T17:14:54","slug":"fernox-kit-test-protecteur-37906","status":"publish","type":"product","link":"https:\/\/promochaudiere.be\/nl\/product\/fernox-kit-test-protecteur-37906\/","title":{"rendered":"FERNOX KIT TEST PROTECTEUR 37906"},"content":{"rendered":"<p>Ce kit de test permet de mesurer l\u2019efficacit\u00e9 des inhibiteurs de corrosion et de boues dans les circuits de chauffage. Il aide \u00e0 d\u00e9tecter d\u2019\u00e9ventuels d\u00e9s\u00e9quilibres chimiques pouvant nuire aux installations. Facile \u00e0 utiliser, il fournit des r\u00e9sultats pr\u00e9cis en quelques minutes. Il contribue \u00e0 maintenir un chauffage propre et performant. Un outil indispensable pour les professionnels et les particuliers soucieux de la maintenance de leur installation. Un produit cl\u00e9 pour la long\u00e9vit\u00e9 des \u00e9quipements thermiques.<\/p>","protected":false},"excerpt":{"rendered":"<p>FERNOX KIT TEST PROTECTEUR 37906<\/p>","protected":false},"featured_media":22208,"comment_status":"open","ping_status":"closed","template":"","meta":[],"product_brand":[],"product_cat":[5523,8840],"product_tag":[],"class_list":{"0":"post-14060","1":"product","2":"type-product","3":"status-publish","4":"has-post-thumbnail","6":"product_cat-produit-de-traitement-fr","7":"product_cat-test","8":"pa_marque-fernox","10":"first","11":"instock","12":"sale","13":"taxable","14":"shipping-taxable","15":"purchasable","16":"product-type-simple"},"aioseo_notices":[],"_links":{"self":[{"href":"https:\/\/promochaudiere.be\/nl\/wp-json\/wp\/v2\/product\/14060","targetHints":{"allow":["GET"]}}],"collection":[{"href":"https:\/\/promochaudiere.be\/nl\/wp-json\/wp\/v2\/product"}],"about":[{"href":"https:\/\/promochaudiere.be\/nl\/wp-json\/wp\/v2\/types\/product"}],"replies":[{"embeddable":true,"href":"https:\/\/promochaudiere.be\/nl\/wp-json\/wp\/v2\/comments?post=14060"}],"version-history":[{"count":1,"href":"https:\/\/promochaudiere.be\/nl\/wp-json\/wp\/v2\/product\/14060\/revisions"}],"predecessor-version":[{"id":45852,"href":"https:\/\/promochaudiere.be\/nl\/wp-json\/wp\/v2\/product\/14060\/revisions\/45852"}],"wp:featuredmedia":[{"embeddable":true,"href":"https:\/\/promochaudiere.be\/nl\/wp-json\/wp\/v2\/media\/22208"}],"wp:attachment":[{"href":"https:\/\/promochaudiere.be\/nl\/wp-json\/wp\/v2\/media?parent=14060"}],"wp:term":[{"taxonomy":"product_brand","embeddable":true,"href":"https:\/\/promochaudiere.be\/nl\/wp-json\/wp\/v2\/product_brand?post=14060"},{"taxonomy":"product_cat","embeddable":true,"href":"https:\/\/promochaudiere.be\/nl\/wp-json\/wp\/v2\/product_cat?post=14060"},{"taxonomy":"product_tag","embeddable":true,"href":"https:\/\/promochaudiere.be\/nl\/wp-json\/wp\/v2\/product_tag?post=14060"}],"curies":[{"name":"wp","href":"https:\/\/api.w.org\/{rel}","templated":true}]}}