{"id":14063,"date":"2025-01-17T09:49:56","date_gmt":"2025-01-17T09:49:56","guid":{"rendered":"https:\/\/promochaudiere.be\/produit\/bosch-support-de-table-pour-ct200-7736701576\/"},"modified":"2026-02-03T18:14:54","modified_gmt":"2026-02-03T17:14:54","slug":"bosch-support-de-table-pour-ct200-7736701576","status":"publish","type":"product","link":"https:\/\/promochaudiere.be\/product\/bosch-support-de-table-pour-ct200-7736701576\/","title":{"rendered":"BOSCH SUPPORT DE TABLE POUR CT200 7736701576"},"content":{"rendered":"<p>Ce support de table Bosch est sp\u00e9cialement con\u00e7u pour le r\u00e9gulateur climatique CT200. Il permet de positionner l\u2019appareil de mani\u00e8re stable et accessible, facilitant son utilisation quotidienne. Son design discret et \u00e9l\u00e9gant s\u2019int\u00e8gre parfaitement dans tous les int\u00e9rieurs. Un accessoire pratique pour une gestion optimale du chauffage.<\/p>","protected":false},"excerpt":{"rendered":"<p>BOSCH SUPPORT DE TABLE POUR CT200 7736701576<\/p>","protected":false},"featured_media":21845,"comment_status":"open","ping_status":"closed","template":"","meta":[],"product_brand":[],"product_cat":[8840,578],"product_tag":[],"class_list":{"0":"post-14063","1":"product","2":"type-product","3":"status-publish","4":"has-post-thumbnail","6":"product_cat-test","7":"product_cat-thermostat-bosch-fr","8":"pa_marque-bosch","10":"first","11":"instock","12":"sale","13":"taxable","14":"shipping-taxable","15":"purchasable","16":"product-type-simple"},"aioseo_notices":[],"_links":{"self":[{"href":"https:\/\/promochaudiere.be\/nl\/wp-json\/wp\/v2\/product\/14063","targetHints":{"allow":["GET"]}}],"collection":[{"href":"https:\/\/promochaudiere.be\/nl\/wp-json\/wp\/v2\/product"}],"about":[{"href":"https:\/\/promochaudiere.be\/nl\/wp-json\/wp\/v2\/types\/product"}],"replies":[{"embeddable":true,"href":"https:\/\/promochaudiere.be\/nl\/wp-json\/wp\/v2\/comments?post=14063"}],"version-history":[{"count":1,"href":"https:\/\/promochaudiere.be\/nl\/wp-json\/wp\/v2\/product\/14063\/revisions"}],"predecessor-version":[{"id":45849,"href":"https:\/\/promochaudiere.be\/nl\/wp-json\/wp\/v2\/product\/14063\/revisions\/45849"}],"wp:featuredmedia":[{"embeddable":true,"href":"https:\/\/promochaudiere.be\/nl\/wp-json\/wp\/v2\/media\/21845"}],"wp:attachment":[{"href":"https:\/\/promochaudiere.be\/nl\/wp-json\/wp\/v2\/media?parent=14063"}],"wp:term":[{"taxonomy":"product_brand","embeddable":true,"href":"https:\/\/promochaudiere.be\/nl\/wp-json\/wp\/v2\/product_brand?post=14063"},{"taxonomy":"product_cat","embeddable":true,"href":"https:\/\/promochaudiere.be\/nl\/wp-json\/wp\/v2\/product_cat?post=14063"},{"taxonomy":"product_tag","embeddable":true,"href":"https:\/\/promochaudiere.be\/nl\/wp-json\/wp\/v2\/product_tag?post=14063"}],"curies":[{"name":"wp","href":"https:\/\/api.w.org\/{rel}","templated":true}]}}