{"id":14064,"date":"2025-01-17T09:49:57","date_gmt":"2025-01-17T09:49:57","guid":{"rendered":"https:\/\/promochaudiere.be\/produit\/duco-culotte-2-x-125-en-1-x-160-00004334\/"},"modified":"2026-02-03T18:14:55","modified_gmt":"2026-02-03T17:14:55","slug":"duco-culotte-2-x-125-en-1-x-160-00004334","status":"publish","type":"product","link":"https:\/\/promochaudiere.be\/nl\/product\/duco-culotte-2-x-125-en-1-x-160-00004334\/","title":{"rendered":"Duco Culotte 2 x 125 en 1 x 160 00004334"},"content":{"rendered":"<p>Cette culotte de d\u00e9rivation permet de raccorder deux conduits de 125 mm \u00e0 un conduit principal de 160 mm. Elle assure une distribution \u00e9quilibr\u00e9e du flux d\u2019air. Son mat\u00e9riau de haute qualit\u00e9 lui conf\u00e8re une excellente r\u00e9sistance aux contraintes m\u00e9caniques. Facile \u00e0 poser, elle optimise les performances du syst\u00e8me de ventilation. Elle garantit une parfaite \u00e9tanch\u00e9it\u00e9 pour une meilleure efficacit\u00e9 \u00e9nerg\u00e9tique. Un accessoire cl\u00e9 pour une installation performante.<\/p>","protected":false},"excerpt":{"rendered":"<p>Duco Culotte 2 x 125 en 1 x 160 00004334<\/p>","protected":false},"featured_media":22458,"comment_status":"open","ping_status":"closed","template":"","meta":[],"product_brand":[],"product_cat":[10933,8840],"product_tag":[],"class_list":{"0":"post-14064","1":"product","2":"type-product","3":"status-publish","4":"has-post-thumbnail","6":"product_cat-canal-duco","7":"product_cat-test","8":"pa_marque-duco","10":"first","11":"instock","12":"sale","13":"taxable","14":"shipping-taxable","15":"purchasable","16":"product-type-simple"},"aioseo_notices":[],"_links":{"self":[{"href":"https:\/\/promochaudiere.be\/nl\/wp-json\/wp\/v2\/product\/14064","targetHints":{"allow":["GET"]}}],"collection":[{"href":"https:\/\/promochaudiere.be\/nl\/wp-json\/wp\/v2\/product"}],"about":[{"href":"https:\/\/promochaudiere.be\/nl\/wp-json\/wp\/v2\/types\/product"}],"replies":[{"embeddable":true,"href":"https:\/\/promochaudiere.be\/nl\/wp-json\/wp\/v2\/comments?post=14064"}],"version-history":[{"count":1,"href":"https:\/\/promochaudiere.be\/nl\/wp-json\/wp\/v2\/product\/14064\/revisions"}],"predecessor-version":[{"id":45847,"href":"https:\/\/promochaudiere.be\/nl\/wp-json\/wp\/v2\/product\/14064\/revisions\/45847"}],"wp:featuredmedia":[{"embeddable":true,"href":"https:\/\/promochaudiere.be\/nl\/wp-json\/wp\/v2\/media\/22458"}],"wp:attachment":[{"href":"https:\/\/promochaudiere.be\/nl\/wp-json\/wp\/v2\/media?parent=14064"}],"wp:term":[{"taxonomy":"product_brand","embeddable":true,"href":"https:\/\/promochaudiere.be\/nl\/wp-json\/wp\/v2\/product_brand?post=14064"},{"taxonomy":"product_cat","embeddable":true,"href":"https:\/\/promochaudiere.be\/nl\/wp-json\/wp\/v2\/product_cat?post=14064"},{"taxonomy":"product_tag","embeddable":true,"href":"https:\/\/promochaudiere.be\/nl\/wp-json\/wp\/v2\/product_tag?post=14064"}],"curies":[{"name":"wp","href":"https:\/\/api.w.org\/{rel}","templated":true}]}}