{"id":14065,"date":"2025-01-17T09:49:57","date_gmt":"2025-01-17T09:49:57","guid":{"rendered":"https:\/\/promochaudiere.be\/produit\/robinet-de-remplissage-et-de-rincage-4-4-1363051\/"},"modified":"2026-02-03T18:14:54","modified_gmt":"2026-02-03T17:14:54","slug":"robinet-de-remplissage-et-de-rincage-4-4-1363051","status":"publish","type":"product","link":"https:\/\/promochaudiere.be\/nl\/product\/robinet-de-remplissage-et-de-rincage-4-4-1363051\/","title":{"rendered":"ROBINET DE REMPLISSAGE ET DE RIN\u00c7AGE    4\/4&Prime; 1363051"},"content":{"rendered":"<p>Ce robinet de remplissage et de rin\u00e7age permet un contr\u00f4le pr\u00e9cis du d\u00e9bit d\u2019eau dans les circuits hydrauliques. Son format 4\/4&Prime; garantit une installation rapide et une compatibilit\u00e9 avec divers syst\u00e8mes. Fabriqu\u00e9 en mat\u00e9riau robuste, il offre une excellente r\u00e9sistance aux pressions \u00e9lev\u00e9es. Id\u00e9al pour le remplissage et l\u2019entretien des installations. Un accessoire essentiel pour une gestion optimale du r\u00e9seau d\u2019eau.<\/p>","protected":false},"excerpt":{"rendered":"<p>ROBINET DE REMPLISSAGE ET DE RIN\u00c7AGE    4\/4&Prime; 1363051<\/p>","protected":false},"featured_media":22308,"comment_status":"open","ping_status":"closed","template":"","meta":[],"product_brand":[],"product_cat":[5515,8840],"product_tag":[],"class_list":{"0":"post-14065","1":"product","2":"type-product","3":"status-publish","4":"has-post-thumbnail","6":"product_cat-accessoires-fioul","7":"product_cat-test","9":"first","10":"instock","11":"sale","12":"taxable","13":"shipping-taxable","14":"purchasable","15":"product-type-simple"},"aioseo_notices":[],"_links":{"self":[{"href":"https:\/\/promochaudiere.be\/nl\/wp-json\/wp\/v2\/product\/14065","targetHints":{"allow":["GET"]}}],"collection":[{"href":"https:\/\/promochaudiere.be\/nl\/wp-json\/wp\/v2\/product"}],"about":[{"href":"https:\/\/promochaudiere.be\/nl\/wp-json\/wp\/v2\/types\/product"}],"replies":[{"embeddable":true,"href":"https:\/\/promochaudiere.be\/nl\/wp-json\/wp\/v2\/comments?post=14065"}],"version-history":[{"count":1,"href":"https:\/\/promochaudiere.be\/nl\/wp-json\/wp\/v2\/product\/14065\/revisions"}],"predecessor-version":[{"id":53166,"href":"https:\/\/promochaudiere.be\/nl\/wp-json\/wp\/v2\/product\/14065\/revisions\/53166"}],"wp:featuredmedia":[{"embeddable":true,"href":"https:\/\/promochaudiere.be\/nl\/wp-json\/wp\/v2\/media\/22308"}],"wp:attachment":[{"href":"https:\/\/promochaudiere.be\/nl\/wp-json\/wp\/v2\/media?parent=14065"}],"wp:term":[{"taxonomy":"product_brand","embeddable":true,"href":"https:\/\/promochaudiere.be\/nl\/wp-json\/wp\/v2\/product_brand?post=14065"},{"taxonomy":"product_cat","embeddable":true,"href":"https:\/\/promochaudiere.be\/nl\/wp-json\/wp\/v2\/product_cat?post=14065"},{"taxonomy":"product_tag","embeddable":true,"href":"https:\/\/promochaudiere.be\/nl\/wp-json\/wp\/v2\/product_tag?post=14065"}],"curies":[{"name":"wp","href":"https:\/\/api.w.org\/{rel}","templated":true}]}}