{"id":14069,"date":"2025-01-17T09:49:58","date_gmt":"2025-01-17T09:49:58","guid":{"rendered":"https:\/\/promochaudiere.be\/produit\/chapeau-trega-alu-noir-150mm-0750422\/"},"modified":"2026-02-03T18:14:54","modified_gmt":"2026-02-03T17:14:54","slug":"chapeau-trega-alu-noir-150mm-0750422","status":"publish","type":"product","link":"https:\/\/promochaudiere.be\/nl\/product\/chapeau-trega-alu-noir-150mm-0750422\/","title":{"rendered":"CHAPEAU TREGA ALU NOIR 150MM 0750422"},"content":{"rendered":"<p>Avec son diam\u00e8tre de 150 mm, ce chapeau de chemin\u00e9e prot\u00e8ge efficacement contre l\u2019eau, la neige et les d\u00e9bris. Son rev\u00eatement en aluminium noir lui assure une excellente r\u00e9sistance aux conditions climatiques. Il favorise une bonne circulation de l\u2019air tout en emp\u00eachant les remont\u00e9es de fum\u00e9e. Facile \u00e0 poser, il s\u2019adapte aux conduits standards pour une installation rapide. Sa conception robuste garantit une durabilit\u00e9 optimale. Un choix id\u00e9al pour optimiser la performance de votre chemin\u00e9e.<\/p>","protected":false},"excerpt":{"rendered":"<p>CHAPEAU TREGA ALU NOIR 150MM 0750422<\/p>","protected":false},"featured_media":22037,"comment_status":"open","ping_status":"closed","template":"","meta":[],"product_brand":[],"product_cat":[5545,8840],"product_tag":[],"class_list":{"0":"post-14069","1":"product","2":"type-product","3":"status-publish","4":"has-post-thumbnail","6":"product_cat-passage-de-toit","7":"product_cat-test","9":"first","10":"instock","11":"sale","12":"taxable","13":"shipping-taxable","14":"purchasable","15":"product-type-simple"},"aioseo_notices":[],"_links":{"self":[{"href":"https:\/\/promochaudiere.be\/nl\/wp-json\/wp\/v2\/product\/14069","targetHints":{"allow":["GET"]}}],"collection":[{"href":"https:\/\/promochaudiere.be\/nl\/wp-json\/wp\/v2\/product"}],"about":[{"href":"https:\/\/promochaudiere.be\/nl\/wp-json\/wp\/v2\/types\/product"}],"replies":[{"embeddable":true,"href":"https:\/\/promochaudiere.be\/nl\/wp-json\/wp\/v2\/comments?post=14069"}],"version-history":[{"count":1,"href":"https:\/\/promochaudiere.be\/nl\/wp-json\/wp\/v2\/product\/14069\/revisions"}],"predecessor-version":[{"id":53163,"href":"https:\/\/promochaudiere.be\/nl\/wp-json\/wp\/v2\/product\/14069\/revisions\/53163"}],"wp:featuredmedia":[{"embeddable":true,"href":"https:\/\/promochaudiere.be\/nl\/wp-json\/wp\/v2\/media\/22037"}],"wp:attachment":[{"href":"https:\/\/promochaudiere.be\/nl\/wp-json\/wp\/v2\/media?parent=14069"}],"wp:term":[{"taxonomy":"product_brand","embeddable":true,"href":"https:\/\/promochaudiere.be\/nl\/wp-json\/wp\/v2\/product_brand?post=14069"},{"taxonomy":"product_cat","embeddable":true,"href":"https:\/\/promochaudiere.be\/nl\/wp-json\/wp\/v2\/product_cat?post=14069"},{"taxonomy":"product_tag","embeddable":true,"href":"https:\/\/promochaudiere.be\/nl\/wp-json\/wp\/v2\/product_tag?post=14069"}],"curies":[{"name":"wp","href":"https:\/\/api.w.org\/{rel}","templated":true}]}}