{"id":14070,"date":"2025-01-17T09:49:59","date_gmt":"2025-01-17T09:49:59","guid":{"rendered":"https:\/\/promochaudiere.be\/produit\/bosch-sf-capteur-ntc-precable-pour-ems-7735502304\/"},"modified":"2026-02-03T18:14:55","modified_gmt":"2026-02-03T17:14:55","slug":"bosch-sf-capteur-ntc-precable-pour-ems-7735502304","status":"publish","type":"product","link":"https:\/\/promochaudiere.be\/nl\/product\/bosch-sf-capteur-ntc-precable-pour-ems-7735502304\/","title":{"rendered":"Bosch SF: capteur NTC pr\u00e9c\u00e2bl\u00e9 pour EMS 7735502304"},"content":{"rendered":"<p>Le capteur NTC pr\u00e9c\u00e2bl\u00e9 Bosch pour EMS est con\u00e7u pour assurer une mesure fiable de la temp\u00e9rature du syst\u00e8me de chauffage. Il permet un ajustement intelligent de la chaudi\u00e8re pour une meilleure efficacit\u00e9 \u00e9nerg\u00e9tique. Son installation rapide le rend compatible avec de nombreux mod\u00e8les Bosch. Un composant essentiel pour une r\u00e9gulation pr\u00e9cise du chauffage.<\/p>","protected":false},"excerpt":{"rendered":"<p>Bosch SF: capteur NTC pr\u00e9c\u00e2bl\u00e9 pour EMS 7735502304<\/p>","protected":false},"featured_media":21568,"comment_status":"open","ping_status":"closed","template":"","meta":[],"product_brand":[],"product_cat":[9485,8840],"product_tag":[],"class_list":{"0":"post-14070","1":"product","2":"type-product","3":"status-publish","4":"has-post-thumbnail","6":"product_cat-pieces-detachees-bosch","7":"product_cat-test","8":"pa_marque-bosch","10":"first","11":"instock","12":"sale","13":"taxable","14":"shipping-taxable","15":"purchasable","16":"product-type-simple"},"aioseo_notices":[],"_links":{"self":[{"href":"https:\/\/promochaudiere.be\/nl\/wp-json\/wp\/v2\/product\/14070","targetHints":{"allow":["GET"]}}],"collection":[{"href":"https:\/\/promochaudiere.be\/nl\/wp-json\/wp\/v2\/product"}],"about":[{"href":"https:\/\/promochaudiere.be\/nl\/wp-json\/wp\/v2\/types\/product"}],"replies":[{"embeddable":true,"href":"https:\/\/promochaudiere.be\/nl\/wp-json\/wp\/v2\/comments?post=14070"}],"version-history":[{"count":1,"href":"https:\/\/promochaudiere.be\/nl\/wp-json\/wp\/v2\/product\/14070\/revisions"}],"predecessor-version":[{"id":45843,"href":"https:\/\/promochaudiere.be\/nl\/wp-json\/wp\/v2\/product\/14070\/revisions\/45843"}],"wp:featuredmedia":[{"embeddable":true,"href":"https:\/\/promochaudiere.be\/nl\/wp-json\/wp\/v2\/media\/21568"}],"wp:attachment":[{"href":"https:\/\/promochaudiere.be\/nl\/wp-json\/wp\/v2\/media?parent=14070"}],"wp:term":[{"taxonomy":"product_brand","embeddable":true,"href":"https:\/\/promochaudiere.be\/nl\/wp-json\/wp\/v2\/product_brand?post=14070"},{"taxonomy":"product_cat","embeddable":true,"href":"https:\/\/promochaudiere.be\/nl\/wp-json\/wp\/v2\/product_cat?post=14070"},{"taxonomy":"product_tag","embeddable":true,"href":"https:\/\/promochaudiere.be\/nl\/wp-json\/wp\/v2\/product_tag?post=14070"}],"curies":[{"name":"wp","href":"https:\/\/api.w.org\/{rel}","templated":true}]}}