{"id":14071,"date":"2025-01-17T09:49:59","date_gmt":"2025-01-17T09:49:59","guid":{"rendered":"https:\/\/promochaudiere.be\/produit\/bosch-pressostat-87160112990\/"},"modified":"2026-02-03T18:14:55","modified_gmt":"2026-02-03T17:14:55","slug":"bosch-pressostat-87160112990","status":"publish","type":"product","link":"https:\/\/promochaudiere.be\/nl\/product\/bosch-pressostat-87160112990\/","title":{"rendered":"Bosch Pressostat 87160112990"},"content":{"rendered":"<p>Le pressostat Bosch est un dispositif de s\u00e9curit\u00e9 essentiel pour les chaudi\u00e8res et les syst\u00e8mes de chauffage. Il surveille la pression dans le circuit et permet de garantir un fonctionnement optimal en \u00e9vitant les anomalies li\u00e9es \u00e0 une pression trop \u00e9lev\u00e9e ou trop basse. Ce pressostat est con\u00e7u pour \u00eatre fiable et durable, assurant une protection suppl\u00e9mentaire contre les risques techniques. Il est compatible avec plusieurs mod\u00e8les de chaudi\u00e8res Bosch, contribuant ainsi \u00e0 am\u00e9liorer la s\u00e9curit\u00e9 et l&rsquo;efficacit\u00e9 du syst\u00e8me de chauffage.<\/p>","protected":false},"excerpt":{"rendered":"<p>Bosch Pressostat 87160112990<\/p>","protected":false},"featured_media":21632,"comment_status":"open","ping_status":"closed","template":"","meta":[],"product_brand":[],"product_cat":[9485,8840],"product_tag":[],"class_list":{"0":"post-14071","1":"product","2":"type-product","3":"status-publish","4":"has-post-thumbnail","6":"product_cat-pieces-detachees-bosch","7":"product_cat-test","8":"pa_marque-bosch","10":"first","11":"instock","12":"sale","13":"taxable","14":"shipping-taxable","15":"purchasable","16":"product-type-simple"},"aioseo_notices":[],"_links":{"self":[{"href":"https:\/\/promochaudiere.be\/nl\/wp-json\/wp\/v2\/product\/14071","targetHints":{"allow":["GET"]}}],"collection":[{"href":"https:\/\/promochaudiere.be\/nl\/wp-json\/wp\/v2\/product"}],"about":[{"href":"https:\/\/promochaudiere.be\/nl\/wp-json\/wp\/v2\/types\/product"}],"replies":[{"embeddable":true,"href":"https:\/\/promochaudiere.be\/nl\/wp-json\/wp\/v2\/comments?post=14071"}],"version-history":[{"count":1,"href":"https:\/\/promochaudiere.be\/nl\/wp-json\/wp\/v2\/product\/14071\/revisions"}],"predecessor-version":[{"id":45844,"href":"https:\/\/promochaudiere.be\/nl\/wp-json\/wp\/v2\/product\/14071\/revisions\/45844"}],"wp:featuredmedia":[{"embeddable":true,"href":"https:\/\/promochaudiere.be\/nl\/wp-json\/wp\/v2\/media\/21632"}],"wp:attachment":[{"href":"https:\/\/promochaudiere.be\/nl\/wp-json\/wp\/v2\/media?parent=14071"}],"wp:term":[{"taxonomy":"product_brand","embeddable":true,"href":"https:\/\/promochaudiere.be\/nl\/wp-json\/wp\/v2\/product_brand?post=14071"},{"taxonomy":"product_cat","embeddable":true,"href":"https:\/\/promochaudiere.be\/nl\/wp-json\/wp\/v2\/product_cat?post=14071"},{"taxonomy":"product_tag","embeddable":true,"href":"https:\/\/promochaudiere.be\/nl\/wp-json\/wp\/v2\/product_tag?post=14071"}],"curies":[{"name":"wp","href":"https:\/\/api.w.org\/{rel}","templated":true}]}}