{"id":14073,"date":"2025-01-17T09:50:00","date_gmt":"2025-01-17T09:50:00","guid":{"rendered":"https:\/\/promochaudiere.be\/produit\/duco-jeu-de-filtres-pour-ducobox-energy-comfort-d325-00004661\/"},"modified":"2026-02-03T18:14:54","modified_gmt":"2026-02-03T17:14:54","slug":"duco-jeu-de-filtres-pour-ducobox-energy-comfort-d325-00004661","status":"publish","type":"product","link":"https:\/\/promochaudiere.be\/nl\/product\/duco-jeu-de-filtres-pour-ducobox-energy-comfort-d325-00004661\/","title":{"rendered":"Duco JEU DE FILTRES POUR DUCOBOX ENERGY COMFORT D325 00004661"},"content":{"rendered":"<p>Ce jeu de filtres est con\u00e7u pour s\u2019adapter \u00e0 la DucoBox Energy Comfort afin de garantir un air pur et sain \u00e0 l\u2019int\u00e9rieur. Il capture efficacement les poussi\u00e8res, allerg\u00e8nes et polluants pour pr\u00e9server un environnement agr\u00e9able. Son remplacement facile assure un entretien rapide du syst\u00e8me de ventilation. Gr\u00e2ce \u00e0 sa filtration performante, il am\u00e9liore la qualit\u00e9 de l\u2019air en limitant les impuret\u00e9s en circulation. Indispensable pour un fonctionnement optimal du syst\u00e8me de ventilation. Un choix id\u00e9al pour garantir un air int\u00e9rieur toujours frais.<\/p>","protected":false},"excerpt":{"rendered":"<p>Duco JEU DE FILTRES POUR DUCOBOX ENERGY COMFORT D325 00004661<\/p>","protected":false},"featured_media":22190,"comment_status":"open","ping_status":"closed","template":"","meta":[],"product_brand":[],"product_cat":[10943,8840],"product_tag":[],"class_list":{"0":"post-14073","1":"product","2":"type-product","3":"status-publish","4":"has-post-thumbnail","6":"product_cat-accessoires-duco","7":"product_cat-test","8":"pa_marque-duco","10":"first","11":"instock","12":"sale","13":"taxable","14":"shipping-taxable","15":"purchasable","16":"product-type-simple"},"aioseo_notices":[],"_links":{"self":[{"href":"https:\/\/promochaudiere.be\/nl\/wp-json\/wp\/v2\/product\/14073","targetHints":{"allow":["GET"]}}],"collection":[{"href":"https:\/\/promochaudiere.be\/nl\/wp-json\/wp\/v2\/product"}],"about":[{"href":"https:\/\/promochaudiere.be\/nl\/wp-json\/wp\/v2\/types\/product"}],"replies":[{"embeddable":true,"href":"https:\/\/promochaudiere.be\/nl\/wp-json\/wp\/v2\/comments?post=14073"}],"version-history":[{"count":1,"href":"https:\/\/promochaudiere.be\/nl\/wp-json\/wp\/v2\/product\/14073\/revisions"}],"predecessor-version":[{"id":45842,"href":"https:\/\/promochaudiere.be\/nl\/wp-json\/wp\/v2\/product\/14073\/revisions\/45842"}],"wp:featuredmedia":[{"embeddable":true,"href":"https:\/\/promochaudiere.be\/nl\/wp-json\/wp\/v2\/media\/22190"}],"wp:attachment":[{"href":"https:\/\/promochaudiere.be\/nl\/wp-json\/wp\/v2\/media?parent=14073"}],"wp:term":[{"taxonomy":"product_brand","embeddable":true,"href":"https:\/\/promochaudiere.be\/nl\/wp-json\/wp\/v2\/product_brand?post=14073"},{"taxonomy":"product_cat","embeddable":true,"href":"https:\/\/promochaudiere.be\/nl\/wp-json\/wp\/v2\/product_cat?post=14073"},{"taxonomy":"product_tag","embeddable":true,"href":"https:\/\/promochaudiere.be\/nl\/wp-json\/wp\/v2\/product_tag?post=14073"}],"curies":[{"name":"wp","href":"https:\/\/api.w.org\/{rel}","templated":true}]}}