{"id":14074,"date":"2025-01-17T09:50:00","date_gmt":"2025-01-17T09:50:00","guid":{"rendered":"https:\/\/promochaudiere.be\/produit\/wilo-sonde-temperature-stratos-maxo-2194058\/"},"modified":"2026-02-03T18:14:55","modified_gmt":"2026-02-03T17:14:55","slug":"wilo-sonde-temperature-stratos-maxo-2194058","status":"publish","type":"product","link":"https:\/\/promochaudiere.be\/product\/wilo-sonde-temperature-stratos-maxo-2194058\/","title":{"rendered":"Wilo SONDE TEMPERATURE STRATOS MAXO 2194058"},"content":{"rendered":"<p>Cette sonde de temp\u00e9rature Wilo Stratos Maxo est con\u00e7ue pour surveiller avec pr\u00e9cision la temp\u00e9rature du fluide dans les circuits hydrauliques. Elle garantit une r\u00e9gulation thermique optimale. Son installation est rapide et simple. Compatible avec plusieurs mod\u00e8les de circulateurs Wilo. Un accessoire essentiel pour une gestion thermique performante.<\/p>","protected":false},"excerpt":{"rendered":"<p>Wilo SONDE TEMPERATURE STRATOS MAXO 2194058<\/p>","protected":false},"featured_media":22661,"comment_status":"open","ping_status":"closed","template":"","meta":[],"product_brand":[],"product_cat":[660,8840],"product_tag":[],"class_list":{"0":"post-14074","1":"product","2":"type-product","3":"status-publish","4":"has-post-thumbnail","6":"product_cat-circulateur","7":"product_cat-test","8":"pa_marque-wilo","10":"first","11":"instock","12":"sale","13":"taxable","14":"shipping-taxable","15":"purchasable","16":"product-type-simple"},"aioseo_notices":[],"_links":{"self":[{"href":"https:\/\/promochaudiere.be\/nl\/wp-json\/wp\/v2\/product\/14074","targetHints":{"allow":["GET"]}}],"collection":[{"href":"https:\/\/promochaudiere.be\/nl\/wp-json\/wp\/v2\/product"}],"about":[{"href":"https:\/\/promochaudiere.be\/nl\/wp-json\/wp\/v2\/types\/product"}],"replies":[{"embeddable":true,"href":"https:\/\/promochaudiere.be\/nl\/wp-json\/wp\/v2\/comments?post=14074"}],"version-history":[{"count":1,"href":"https:\/\/promochaudiere.be\/nl\/wp-json\/wp\/v2\/product\/14074\/revisions"}],"predecessor-version":[{"id":53162,"href":"https:\/\/promochaudiere.be\/nl\/wp-json\/wp\/v2\/product\/14074\/revisions\/53162"}],"wp:featuredmedia":[{"embeddable":true,"href":"https:\/\/promochaudiere.be\/nl\/wp-json\/wp\/v2\/media\/22661"}],"wp:attachment":[{"href":"https:\/\/promochaudiere.be\/nl\/wp-json\/wp\/v2\/media?parent=14074"}],"wp:term":[{"taxonomy":"product_brand","embeddable":true,"href":"https:\/\/promochaudiere.be\/nl\/wp-json\/wp\/v2\/product_brand?post=14074"},{"taxonomy":"product_cat","embeddable":true,"href":"https:\/\/promochaudiere.be\/nl\/wp-json\/wp\/v2\/product_cat?post=14074"},{"taxonomy":"product_tag","embeddable":true,"href":"https:\/\/promochaudiere.be\/nl\/wp-json\/wp\/v2\/product_tag?post=14074"}],"curies":[{"name":"wp","href":"https:\/\/api.w.org\/{rel}","templated":true}]}}