{"id":14078,"date":"2025-01-17T09:50:02","date_gmt":"2025-01-17T09:50:02","guid":{"rendered":"https:\/\/promochaudiere.be\/produit\/bosch-kit-de-connexion-pour-5300-avec-inc-chaudiere-7716780190\/"},"modified":"2026-02-03T18:13:45","modified_gmt":"2026-02-03T17:13:45","slug":"bosch-kit-de-connexion-pour-5300-avec-inc-chaudiere-7716780190","status":"publish","type":"product","link":"https:\/\/promochaudiere.be\/nl\/product\/bosch-kit-de-connexion-pour-5300-avec-inc-chaudiere-7716780190\/","title":{"rendered":"BOSCH KIT DE CONNEXION POUR 5300 AVEC INC. CHAUDI\u00c8RE 7716780190"},"content":{"rendered":"<p>Ce kit de connexion Bosch est sp\u00e9cialement con\u00e7u pour les chaudi\u00e8res 5300, facilitant leur raccordement avec les circuits existants. Il comprend tous les \u00e9l\u00e9ments n\u00e9cessaires pour une installation rapide et s\u00e9curis\u00e9e. Con\u00e7u avec des mat\u00e9riaux r\u00e9sistants, il garantit une \u00e9tanch\u00e9it\u00e9 parfaite et une durabilit\u00e9 accrue. Un accessoire essentiel pour assurer un fonctionnement optimal de votre syst\u00e8me de chauffage.<\/p>","protected":false},"excerpt":{"rendered":"<p>BOSCH KIT DE CONNEXION POUR 5300 AVEC INC. CHAUDI\u00c8RE 7716780190<\/p>","protected":false},"featured_media":21336,"comment_status":"open","ping_status":"closed","template":"","meta":[],"product_brand":[],"product_cat":[9489,8840],"product_tag":[],"class_list":{"0":"post-14078","1":"product","2":"type-product","3":"status-publish","4":"has-post-thumbnail","6":"product_cat-accessoire-de-raccordement-bosch","7":"product_cat-test","8":"pa_marque-bosch","10":"first","11":"instock","12":"sale","13":"taxable","14":"shipping-taxable","15":"purchasable","16":"product-type-simple"},"aioseo_notices":[],"_links":{"self":[{"href":"https:\/\/promochaudiere.be\/nl\/wp-json\/wp\/v2\/product\/14078","targetHints":{"allow":["GET"]}}],"collection":[{"href":"https:\/\/promochaudiere.be\/nl\/wp-json\/wp\/v2\/product"}],"about":[{"href":"https:\/\/promochaudiere.be\/nl\/wp-json\/wp\/v2\/types\/product"}],"replies":[{"embeddable":true,"href":"https:\/\/promochaudiere.be\/nl\/wp-json\/wp\/v2\/comments?post=14078"}],"version-history":[{"count":1,"href":"https:\/\/promochaudiere.be\/nl\/wp-json\/wp\/v2\/product\/14078\/revisions"}],"predecessor-version":[{"id":45840,"href":"https:\/\/promochaudiere.be\/nl\/wp-json\/wp\/v2\/product\/14078\/revisions\/45840"}],"wp:featuredmedia":[{"embeddable":true,"href":"https:\/\/promochaudiere.be\/nl\/wp-json\/wp\/v2\/media\/21336"}],"wp:attachment":[{"href":"https:\/\/promochaudiere.be\/nl\/wp-json\/wp\/v2\/media?parent=14078"}],"wp:term":[{"taxonomy":"product_brand","embeddable":true,"href":"https:\/\/promochaudiere.be\/nl\/wp-json\/wp\/v2\/product_brand?post=14078"},{"taxonomy":"product_cat","embeddable":true,"href":"https:\/\/promochaudiere.be\/nl\/wp-json\/wp\/v2\/product_cat?post=14078"},{"taxonomy":"product_tag","embeddable":true,"href":"https:\/\/promochaudiere.be\/nl\/wp-json\/wp\/v2\/product_tag?post=14078"}],"curies":[{"name":"wp","href":"https:\/\/api.w.org\/{rel}","templated":true}]}}