{"id":14079,"date":"2025-01-17T09:50:02","date_gmt":"2025-01-17T09:50:02","guid":{"rendered":"https:\/\/promochaudiere.be\/produit\/vaillant-echangeur-de-chaleur-0020238986\/"},"modified":"2026-02-03T18:14:55","modified_gmt":"2026-02-03T17:14:55","slug":"vaillant-echangeur-de-chaleur-0020238986","status":"publish","type":"product","link":"https:\/\/promochaudiere.be\/nl\/product\/vaillant-echangeur-de-chaleur-0020238986\/","title":{"rendered":"Vaillant Echangeur de chaleur 0020238986"},"content":{"rendered":"<p>Cet \u00e9changeur de chaleur Vaillant assure un transfert thermique optimal entre les circuits de chauffage et d\u2019eau sanitaire. Il am\u00e9liore l\u2019efficacit\u00e9 \u00e9nerg\u00e9tique et prolonge la dur\u00e9e de vie des installations.<\/p>","protected":false},"excerpt":{"rendered":"<p>Vaillant Echangeur de chaleur 0020238986<\/p>","protected":false},"featured_media":21879,"comment_status":"open","ping_status":"closed","template":"","meta":[],"product_brand":[],"product_cat":[8917,8840],"product_tag":[],"class_list":{"0":"post-14079","1":"product","2":"type-product","3":"status-publish","4":"has-post-thumbnail","6":"product_cat-pieces-detachees-vaillant","7":"product_cat-test","8":"pa_marque-vaillant","10":"first","11":"instock","12":"sale","13":"taxable","14":"shipping-taxable","15":"purchasable","16":"product-type-simple"},"aioseo_notices":[],"_links":{"self":[{"href":"https:\/\/promochaudiere.be\/nl\/wp-json\/wp\/v2\/product\/14079","targetHints":{"allow":["GET"]}}],"collection":[{"href":"https:\/\/promochaudiere.be\/nl\/wp-json\/wp\/v2\/product"}],"about":[{"href":"https:\/\/promochaudiere.be\/nl\/wp-json\/wp\/v2\/types\/product"}],"replies":[{"embeddable":true,"href":"https:\/\/promochaudiere.be\/nl\/wp-json\/wp\/v2\/comments?post=14079"}],"version-history":[{"count":1,"href":"https:\/\/promochaudiere.be\/nl\/wp-json\/wp\/v2\/product\/14079\/revisions"}],"predecessor-version":[{"id":53159,"href":"https:\/\/promochaudiere.be\/nl\/wp-json\/wp\/v2\/product\/14079\/revisions\/53159"}],"wp:featuredmedia":[{"embeddable":true,"href":"https:\/\/promochaudiere.be\/nl\/wp-json\/wp\/v2\/media\/21879"}],"wp:attachment":[{"href":"https:\/\/promochaudiere.be\/nl\/wp-json\/wp\/v2\/media?parent=14079"}],"wp:term":[{"taxonomy":"product_brand","embeddable":true,"href":"https:\/\/promochaudiere.be\/nl\/wp-json\/wp\/v2\/product_brand?post=14079"},{"taxonomy":"product_cat","embeddable":true,"href":"https:\/\/promochaudiere.be\/nl\/wp-json\/wp\/v2\/product_cat?post=14079"},{"taxonomy":"product_tag","embeddable":true,"href":"https:\/\/promochaudiere.be\/nl\/wp-json\/wp\/v2\/product_tag?post=14079"}],"curies":[{"name":"wp","href":"https:\/\/api.w.org\/{rel}","templated":true}]}}