{"id":1408,"date":"2022-04-13T12:21:26","date_gmt":"2022-04-13T12:21:26","guid":{"rendered":"https:\/\/promochaudiere.be\/produit\/radiateur-horizontal-type-33-hauteur-900-largeur-0500-puissance-1643w-s\/"},"modified":"2023-12-26T15:35:55","modified_gmt":"2023-12-26T15:35:55","slug":"radiateur-horizontal-type-33-hauteur-900-largeur-0500-puissance-1643w-s","status":"publish","type":"product","link":"https:\/\/promochaudiere.be\/nl\/product\/radiateur-horizontal-type-33-hauteur-900-largeur-0500-puissance-1643w-s\/","title":{"rendered":"Radiateur horizontal type 33 hauteur  900 largeur 0500 puissance 1643W S"},"content":{"rendered":"<p>Ce\u00a0 radiateur horizontal est vraiment un moyen glamoureux pour chauffer votre pi\u00e8ce. Il pr\u00e9sente un design \u00e9l\u00e9gant avec une finition bien soign\u00e9e qui convient \u00e0 tous les styles de d\u00e9cor int\u00e9rieur.<\/p>\n<p>Fabriqu\u00e9 en Acier d\u2019une qualit\u00e9 ultime qui assurera une r\u00e9sistante optimale \u00e0 l&rsquo;\u00e9preuve de l&rsquo;utilisation quotidienne. Ainsi, il est facile \u00e0 installeret \u00e0 entretenir.<\/p>\n<p><strong>Caract\u00e9ristiques:<\/strong><\/p>\n<ul>\n<li>Type: 33<\/li>\n<li>Hauteur: 900<\/li>\n<li>Largeur: 500<\/li>\n<li>Puissance: 1643W<\/li>\n<\/ul>","protected":false},"excerpt":{"rendered":"<p><strong>Caract\u00e9ristiques:<\/strong><\/p>\n<ul>\n<li>Type: 33<\/li>\n<li>Hauteur: 900<\/li>\n<li>Largeur: 500<\/li>\n<li>Puissance: 1643W<\/li>\n<\/ul>","protected":false},"featured_media":1461,"comment_status":"open","ping_status":"closed","template":"","meta":[],"product_brand":[],"product_cat":[568],"product_tag":[],"class_list":{"0":"post-1408","1":"product","2":"type-product","3":"status-publish","4":"has-post-thumbnail","6":"product_cat-radiateurs-horizontaux","8":"first","9":"instock","10":"sale","11":"taxable","12":"shipping-taxable","13":"purchasable","14":"product-type-simple"},"aioseo_notices":[],"_links":{"self":[{"href":"https:\/\/promochaudiere.be\/nl\/wp-json\/wp\/v2\/product\/1408","targetHints":{"allow":["GET"]}}],"collection":[{"href":"https:\/\/promochaudiere.be\/nl\/wp-json\/wp\/v2\/product"}],"about":[{"href":"https:\/\/promochaudiere.be\/nl\/wp-json\/wp\/v2\/types\/product"}],"replies":[{"embeddable":true,"href":"https:\/\/promochaudiere.be\/nl\/wp-json\/wp\/v2\/comments?post=1408"}],"version-history":[{"count":0,"href":"https:\/\/promochaudiere.be\/nl\/wp-json\/wp\/v2\/product\/1408\/revisions"}],"wp:featuredmedia":[{"embeddable":true,"href":"https:\/\/promochaudiere.be\/nl\/wp-json\/wp\/v2\/media\/1461"}],"wp:attachment":[{"href":"https:\/\/promochaudiere.be\/nl\/wp-json\/wp\/v2\/media?parent=1408"}],"wp:term":[{"taxonomy":"product_brand","embeddable":true,"href":"https:\/\/promochaudiere.be\/nl\/wp-json\/wp\/v2\/product_brand?post=1408"},{"taxonomy":"product_cat","embeddable":true,"href":"https:\/\/promochaudiere.be\/nl\/wp-json\/wp\/v2\/product_cat?post=1408"},{"taxonomy":"product_tag","embeddable":true,"href":"https:\/\/promochaudiere.be\/nl\/wp-json\/wp\/v2\/product_tag?post=1408"}],"curies":[{"name":"wp","href":"https:\/\/api.w.org\/{rel}","templated":true}]}}