{"id":14081,"date":"2025-01-17T09:50:03","date_gmt":"2025-01-17T09:50:03","guid":{"rendered":"https:\/\/promochaudiere.be\/produit\/vaillant-manometre-thermometre-vuw-240-242-101270\/"},"modified":"2026-02-03T18:14:55","modified_gmt":"2026-02-03T17:14:55","slug":"vaillant-manometre-thermometre-vuw-240-242-101270","status":"publish","type":"product","link":"https:\/\/promochaudiere.be\/nl\/product\/vaillant-manometre-thermometre-vuw-240-242-101270\/","title":{"rendered":"Vaillant manom\u00e8tre\/thermom\u00e8tre VUW 240-242 101270"},"content":{"rendered":"<p>Ce manom\u00e8tre\/thermom\u00e8tre Vaillant est con\u00e7u pour surveiller avec pr\u00e9cision la pression et la temp\u00e9rature des circuits de chauffage. Compatible avec les mod\u00e8les VUW 240-242, il permet un contr\u00f4le optimal du syst\u00e8me. Son affichage clair facilite la lecture des mesures. Fabriqu\u00e9 avec des mat\u00e9riaux r\u00e9sistants, il assure une longue dur\u00e9e de vie. Facile \u00e0 installer, il garantit un suivi efficace du fonctionnement de la chaudi\u00e8re. Un accessoire essentiel pour la maintenance et la s\u00e9curit\u00e9.<\/p>","protected":false},"excerpt":{"rendered":"<p>Vaillant manom\u00e8tre\/thermom\u00e8tre VUW 240-242 101270<\/p>","protected":false},"featured_media":22235,"comment_status":"open","ping_status":"closed","template":"","meta":[],"product_brand":[],"product_cat":[8917,8840],"product_tag":[],"class_list":{"0":"post-14081","1":"product","2":"type-product","3":"status-publish","4":"has-post-thumbnail","6":"product_cat-pieces-detachees-vaillant","7":"product_cat-test","8":"pa_marque-vaillant","10":"first","11":"instock","12":"sale","13":"taxable","14":"shipping-taxable","15":"purchasable","16":"product-type-simple"},"aioseo_notices":[],"_links":{"self":[{"href":"https:\/\/promochaudiere.be\/nl\/wp-json\/wp\/v2\/product\/14081","targetHints":{"allow":["GET"]}}],"collection":[{"href":"https:\/\/promochaudiere.be\/nl\/wp-json\/wp\/v2\/product"}],"about":[{"href":"https:\/\/promochaudiere.be\/nl\/wp-json\/wp\/v2\/types\/product"}],"replies":[{"embeddable":true,"href":"https:\/\/promochaudiere.be\/nl\/wp-json\/wp\/v2\/comments?post=14081"}],"version-history":[{"count":1,"href":"https:\/\/promochaudiere.be\/nl\/wp-json\/wp\/v2\/product\/14081\/revisions"}],"predecessor-version":[{"id":53157,"href":"https:\/\/promochaudiere.be\/nl\/wp-json\/wp\/v2\/product\/14081\/revisions\/53157"}],"wp:featuredmedia":[{"embeddable":true,"href":"https:\/\/promochaudiere.be\/nl\/wp-json\/wp\/v2\/media\/22235"}],"wp:attachment":[{"href":"https:\/\/promochaudiere.be\/nl\/wp-json\/wp\/v2\/media?parent=14081"}],"wp:term":[{"taxonomy":"product_brand","embeddable":true,"href":"https:\/\/promochaudiere.be\/nl\/wp-json\/wp\/v2\/product_brand?post=14081"},{"taxonomy":"product_cat","embeddable":true,"href":"https:\/\/promochaudiere.be\/nl\/wp-json\/wp\/v2\/product_cat?post=14081"},{"taxonomy":"product_tag","embeddable":true,"href":"https:\/\/promochaudiere.be\/nl\/wp-json\/wp\/v2\/product_tag?post=14081"}],"curies":[{"name":"wp","href":"https:\/\/api.w.org\/{rel}","templated":true}]}}