{"id":14082,"date":"2025-01-17T09:50:03","date_gmt":"2025-01-17T09:50:03","guid":{"rendered":"https:\/\/promochaudiere.be\/produit\/bosch-tuyau-concentrique-avec-orifices-de-mesure-diametre-80-125-7747201339\/"},"modified":"2026-02-03T18:14:55","modified_gmt":"2026-02-03T17:14:55","slug":"bosch-tuyau-concentrique-avec-orifices-de-mesure-diametre-80-125-7747201339","status":"publish","type":"product","link":"https:\/\/promochaudiere.be\/nl\/product\/bosch-tuyau-concentrique-avec-orifices-de-mesure-diametre-80-125-7747201339\/","title":{"rendered":"BOSCH TUYAU CONCENTRIQUE AVEC ORIFICES DE MESURE DIAMETRE 80\/125 7747201339"},"content":{"rendered":"<p>Le tuyau concentrique Bosch AZB916 est une solution pratique pour l\u2019\u00e9vacuation des fum\u00e9es et l\u2019arriv\u00e9e d\u2019air frais dans les chaudi\u00e8res \u00e0 condensation. Son diam\u00e8tre de 80\/125 mm assure une compatibilit\u00e9 parfaite avec les \u00e9quipements Bosch. Dot\u00e9 d\u2019orifices de mesure, il permet un contr\u00f4le pr\u00e9cis des performances du syst\u00e8me. Sa conception robuste garantit une \u00e9tanch\u00e9it\u00e9 parfaite et une installation simplifi\u00e9e. Id\u00e9al pour les installations n\u00e9cessitant un contr\u00f4le optimal.<\/p>","protected":false},"excerpt":{"rendered":"<p>BOSCH TUYAU CONCENTRIQUE AVEC ORIFICES DE MESURE DIAMETRE 80\/125 7747201339<\/p>","protected":false},"featured_media":21674,"comment_status":"open","ping_status":"closed","template":"","meta":[],"product_brand":[],"product_cat":[8840,578],"product_tag":[],"class_list":{"0":"post-14082","1":"product","2":"type-product","3":"status-publish","4":"has-post-thumbnail","6":"product_cat-test","7":"product_cat-thermostat-bosch-fr","8":"pa_marque-bosch","10":"first","11":"instock","12":"sale","13":"taxable","14":"shipping-taxable","15":"purchasable","16":"product-type-simple"},"aioseo_notices":[],"_links":{"self":[{"href":"https:\/\/promochaudiere.be\/nl\/wp-json\/wp\/v2\/product\/14082","targetHints":{"allow":["GET"]}}],"collection":[{"href":"https:\/\/promochaudiere.be\/nl\/wp-json\/wp\/v2\/product"}],"about":[{"href":"https:\/\/promochaudiere.be\/nl\/wp-json\/wp\/v2\/types\/product"}],"replies":[{"embeddable":true,"href":"https:\/\/promochaudiere.be\/nl\/wp-json\/wp\/v2\/comments?post=14082"}],"version-history":[{"count":1,"href":"https:\/\/promochaudiere.be\/nl\/wp-json\/wp\/v2\/product\/14082\/revisions"}],"predecessor-version":[{"id":45839,"href":"https:\/\/promochaudiere.be\/nl\/wp-json\/wp\/v2\/product\/14082\/revisions\/45839"}],"wp:featuredmedia":[{"embeddable":true,"href":"https:\/\/promochaudiere.be\/nl\/wp-json\/wp\/v2\/media\/21674"}],"wp:attachment":[{"href":"https:\/\/promochaudiere.be\/nl\/wp-json\/wp\/v2\/media?parent=14082"}],"wp:term":[{"taxonomy":"product_brand","embeddable":true,"href":"https:\/\/promochaudiere.be\/nl\/wp-json\/wp\/v2\/product_brand?post=14082"},{"taxonomy":"product_cat","embeddable":true,"href":"https:\/\/promochaudiere.be\/nl\/wp-json\/wp\/v2\/product_cat?post=14082"},{"taxonomy":"product_tag","embeddable":true,"href":"https:\/\/promochaudiere.be\/nl\/wp-json\/wp\/v2\/product_tag?post=14082"}],"curies":[{"name":"wp","href":"https:\/\/api.w.org\/{rel}","templated":true}]}}