{"id":14085,"date":"2025-01-17T09:50:04","date_gmt":"2025-01-17T09:50:04","guid":{"rendered":"https:\/\/promochaudiere.be\/produit\/nicoll-cheminee-d%c2%92aeration-en-pvc-avec-solinmoustiquaire-diametre-90mm-cd9m\/"},"modified":"2026-02-03T18:14:55","modified_gmt":"2026-02-03T17:14:55","slug":"nicoll-cheminee-d%c2%92aeration-en-pvc-avec-solinmoustiquaire-diametre-90mm-cd9m","status":"publish","type":"product","link":"https:\/\/promochaudiere.be\/product\/nicoll-cheminee-d%c2%92aeration-en-pvc-avec-solinmoustiquaire-diametre-90mm-cd9m\/","title":{"rendered":"Nicoll Chemin\u00e9e d\u0092a\u00e9ration en PVC avec solin+moustiquaire diam\u00e8tre 90mm CD9M"},"content":{"rendered":"<p>Ce mod\u00e8le de chemin\u00e9e d\u2019a\u00e9ration Nicoll avec moustiquaire est con\u00e7u pour am\u00e9liorer la circulation de l\u2019air et pr\u00e9venir l\u2019accumulation d\u2019humidit\u00e9. Son syst\u00e8me de fixation avec solin int\u00e9gr\u00e9 assure une installation \u00e9tanche et s\u00e9curis\u00e9e. Fabriqu\u00e9 en PVC haute r\u00e9sistance, il offre une longue dur\u00e9e de vie et un entretien minimal.<\/p>","protected":false},"excerpt":{"rendered":"<p>Nicoll Chemin\u00e9e d\u0092a\u00e9ration en PVC avec solin+moustiquaire diam\u00e8tre 90mm CD9M<\/p>","protected":false},"featured_media":21437,"comment_status":"open","ping_status":"closed","template":"","meta":[],"product_brand":[],"product_cat":[2791,8840],"product_tag":[],"class_list":{"0":"post-14085","1":"product","2":"type-product","3":"status-publish","4":"has-post-thumbnail","6":"product_cat-accessoires-de-ventilation","7":"product_cat-test","8":"pa_marque-nicoll","10":"first","11":"instock","12":"sale","13":"taxable","14":"shipping-taxable","15":"purchasable","16":"product-type-simple"},"aioseo_notices":[],"_links":{"self":[{"href":"https:\/\/promochaudiere.be\/nl\/wp-json\/wp\/v2\/product\/14085","targetHints":{"allow":["GET"]}}],"collection":[{"href":"https:\/\/promochaudiere.be\/nl\/wp-json\/wp\/v2\/product"}],"about":[{"href":"https:\/\/promochaudiere.be\/nl\/wp-json\/wp\/v2\/types\/product"}],"replies":[{"embeddable":true,"href":"https:\/\/promochaudiere.be\/nl\/wp-json\/wp\/v2\/comments?post=14085"}],"version-history":[{"count":1,"href":"https:\/\/promochaudiere.be\/nl\/wp-json\/wp\/v2\/product\/14085\/revisions"}],"predecessor-version":[{"id":45836,"href":"https:\/\/promochaudiere.be\/nl\/wp-json\/wp\/v2\/product\/14085\/revisions\/45836"}],"wp:featuredmedia":[{"embeddable":true,"href":"https:\/\/promochaudiere.be\/nl\/wp-json\/wp\/v2\/media\/21437"}],"wp:attachment":[{"href":"https:\/\/promochaudiere.be\/nl\/wp-json\/wp\/v2\/media?parent=14085"}],"wp:term":[{"taxonomy":"product_brand","embeddable":true,"href":"https:\/\/promochaudiere.be\/nl\/wp-json\/wp\/v2\/product_brand?post=14085"},{"taxonomy":"product_cat","embeddable":true,"href":"https:\/\/promochaudiere.be\/nl\/wp-json\/wp\/v2\/product_cat?post=14085"},{"taxonomy":"product_tag","embeddable":true,"href":"https:\/\/promochaudiere.be\/nl\/wp-json\/wp\/v2\/product_tag?post=14085"}],"curies":[{"name":"wp","href":"https:\/\/api.w.org\/{rel}","templated":true}]}}