{"id":14087,"date":"2025-01-17T09:50:05","date_gmt":"2025-01-17T09:50:05","guid":{"rendered":"https:\/\/promochaudiere.be\/produit\/cheminee-daeration-pvcsolinmoustiquaire-couleur-ardoise-diam-100mm-cd10m\/"},"modified":"2026-02-03T18:14:55","modified_gmt":"2026-02-03T17:14:55","slug":"cheminee-daeration-pvcsolinmoustiquaire-couleur-ardoise-diam-100mm-cd10m","status":"publish","type":"product","link":"https:\/\/promochaudiere.be\/nl\/product\/cheminee-daeration-pvcsolinmoustiquaire-couleur-ardoise-diam-100mm-cd10m\/","title":{"rendered":"CHEMINEE D&rsquo;AERATION PVC+SOLIN+MOUSTIQUAIRE COULEUR ARDOISE DIAM. 100MM CD10M"},"content":{"rendered":"<p>Cette chemin\u00e9e d\u2019a\u00e9ration en PVC assure une ventilation efficace tout en emp\u00eachant l\u2019infiltration d\u2019insectes gr\u00e2ce \u00e0 sa moustiquaire int\u00e9gr\u00e9e. Son coude permet une \u00e9vacuation optimale de l\u2019air, \u00e9vitant les stagnations. Facile \u00e0 installer, elle est compatible avec diff\u00e9rentes structures de toiture. Sa conception en PVC r\u00e9sistant garantit une longue dur\u00e9e de vie. Un accessoire indispensable pour am\u00e9liorer la qualit\u00e9 de l\u2019air int\u00e9rieur.<\/p>","protected":false},"excerpt":{"rendered":"<p>CHEMINEE D&rsquo;AERATION PVC+SOLIN+MOUSTIQUAIRE COULEUR ARDOISE DIAM. 100MM CD10M<\/p>","protected":false},"featured_media":21434,"comment_status":"open","ping_status":"closed","template":"","meta":[],"product_brand":[],"product_cat":[2791,8840],"product_tag":[],"class_list":{"0":"post-14087","1":"product","2":"type-product","3":"status-publish","4":"has-post-thumbnail","6":"product_cat-accessoires-de-ventilation","7":"product_cat-test","9":"first","10":"instock","11":"sale","12":"taxable","13":"shipping-taxable","14":"purchasable","15":"product-type-simple"},"aioseo_notices":[],"_links":{"self":[{"href":"https:\/\/promochaudiere.be\/nl\/wp-json\/wp\/v2\/product\/14087","targetHints":{"allow":["GET"]}}],"collection":[{"href":"https:\/\/promochaudiere.be\/nl\/wp-json\/wp\/v2\/product"}],"about":[{"href":"https:\/\/promochaudiere.be\/nl\/wp-json\/wp\/v2\/types\/product"}],"replies":[{"embeddable":true,"href":"https:\/\/promochaudiere.be\/nl\/wp-json\/wp\/v2\/comments?post=14087"}],"version-history":[{"count":1,"href":"https:\/\/promochaudiere.be\/nl\/wp-json\/wp\/v2\/product\/14087\/revisions"}],"predecessor-version":[{"id":53156,"href":"https:\/\/promochaudiere.be\/nl\/wp-json\/wp\/v2\/product\/14087\/revisions\/53156"}],"wp:featuredmedia":[{"embeddable":true,"href":"https:\/\/promochaudiere.be\/nl\/wp-json\/wp\/v2\/media\/21434"}],"wp:attachment":[{"href":"https:\/\/promochaudiere.be\/nl\/wp-json\/wp\/v2\/media?parent=14087"}],"wp:term":[{"taxonomy":"product_brand","embeddable":true,"href":"https:\/\/promochaudiere.be\/nl\/wp-json\/wp\/v2\/product_brand?post=14087"},{"taxonomy":"product_cat","embeddable":true,"href":"https:\/\/promochaudiere.be\/nl\/wp-json\/wp\/v2\/product_cat?post=14087"},{"taxonomy":"product_tag","embeddable":true,"href":"https:\/\/promochaudiere.be\/nl\/wp-json\/wp\/v2\/product_tag?post=14087"}],"curies":[{"name":"wp","href":"https:\/\/api.w.org\/{rel}","templated":true}]}}