{"id":14088,"date":"2025-01-17T09:50:06","date_gmt":"2025-01-17T09:50:06","guid":{"rendered":"https:\/\/promochaudiere.be\/produit\/vasco-bouche-dinduction-smiley-carree-11ve30220\/"},"modified":"2026-02-03T18:13:45","modified_gmt":"2026-02-03T17:13:45","slug":"vasco-bouche-dinduction-smiley-carree-11ve30220","status":"publish","type":"product","link":"https:\/\/promochaudiere.be\/nl\/product\/vasco-bouche-dinduction-smiley-carree-11ve30220\/","title":{"rendered":"Vasco Bouche d&rsquo;induction smiley carr\u00e9e 11VE30220"},"content":{"rendered":"<p>Cette bouche d\u2019induction Vasco est con\u00e7ue pour assurer une diffusion homog\u00e8ne de l\u2019air dans les syst\u00e8mes de ventilation. Son design carr\u00e9 et discret s\u2019int\u00e8gre parfaitement aux int\u00e9rieurs modernes. Facile \u00e0 poser, elle am\u00e9liore la qualit\u00e9 de l\u2019air. Id\u00e9ale pour un confort thermique optimal.<\/p>","protected":false},"excerpt":{"rendered":"<p>Vasco Bouche d&rsquo;induction smiley carr\u00e9e 11VE30220<\/p>","protected":false},"featured_media":22656,"comment_status":"open","ping_status":"closed","template":"","meta":[],"product_brand":[],"product_cat":[2791,8840],"product_tag":[],"class_list":{"0":"post-14088","1":"product","2":"type-product","3":"status-publish","4":"has-post-thumbnail","6":"product_cat-accessoires-de-ventilation","7":"product_cat-test","8":"pa_marque-vasco","10":"first","11":"instock","12":"sale","13":"taxable","14":"shipping-taxable","15":"purchasable","16":"product-type-simple"},"aioseo_notices":[],"_links":{"self":[{"href":"https:\/\/promochaudiere.be\/nl\/wp-json\/wp\/v2\/product\/14088","targetHints":{"allow":["GET"]}}],"collection":[{"href":"https:\/\/promochaudiere.be\/nl\/wp-json\/wp\/v2\/product"}],"about":[{"href":"https:\/\/promochaudiere.be\/nl\/wp-json\/wp\/v2\/types\/product"}],"replies":[{"embeddable":true,"href":"https:\/\/promochaudiere.be\/nl\/wp-json\/wp\/v2\/comments?post=14088"}],"version-history":[{"count":1,"href":"https:\/\/promochaudiere.be\/nl\/wp-json\/wp\/v2\/product\/14088\/revisions"}],"predecessor-version":[{"id":53155,"href":"https:\/\/promochaudiere.be\/nl\/wp-json\/wp\/v2\/product\/14088\/revisions\/53155"}],"wp:featuredmedia":[{"embeddable":true,"href":"https:\/\/promochaudiere.be\/nl\/wp-json\/wp\/v2\/media\/22656"}],"wp:attachment":[{"href":"https:\/\/promochaudiere.be\/nl\/wp-json\/wp\/v2\/media?parent=14088"}],"wp:term":[{"taxonomy":"product_brand","embeddable":true,"href":"https:\/\/promochaudiere.be\/nl\/wp-json\/wp\/v2\/product_brand?post=14088"},{"taxonomy":"product_cat","embeddable":true,"href":"https:\/\/promochaudiere.be\/nl\/wp-json\/wp\/v2\/product_cat?post=14088"},{"taxonomy":"product_tag","embeddable":true,"href":"https:\/\/promochaudiere.be\/nl\/wp-json\/wp\/v2\/product_tag?post=14088"}],"curies":[{"name":"wp","href":"https:\/\/api.w.org\/{rel}","templated":true}]}}