{"id":14089,"date":"2025-01-17T09:50:06","date_gmt":"2025-01-17T09:50:06","guid":{"rendered":"https:\/\/promochaudiere.be\/produit\/vasco-bouche-dextraction-ronde-11ve30170\/"},"modified":"2026-02-03T18:13:45","modified_gmt":"2026-02-03T17:13:45","slug":"vasco-bouche-dextraction-ronde-11ve30170","status":"publish","type":"product","link":"https:\/\/promochaudiere.be\/nl\/product\/vasco-bouche-dextraction-ronde-11ve30170\/","title":{"rendered":"Vasco Bouche d&rsquo;extraction ronde 11VE30170"},"content":{"rendered":"<p>Cette bouche d\u2019extraction Vasco assure une \u00e9vacuation efficace de l\u2019air vici\u00e9. Son design rond permet une int\u00e9gration discr\u00e8te. Facile \u00e0 poser, elle am\u00e9liore la qualit\u00e9 de l\u2019air int\u00e9rieur. Son mat\u00e9riau de fabrication assure une durabilit\u00e9 maximale. Un accessoire essentiel pour une ventilation optimale.<\/p>","protected":false},"excerpt":{"rendered":"<p>Vasco Bouche d&rsquo;extraction ronde 11VE30170<\/p>","protected":false},"featured_media":22439,"comment_status":"open","ping_status":"closed","template":"","meta":[],"product_brand":[],"product_cat":[2791,8840],"product_tag":[],"class_list":{"0":"post-14089","1":"product","2":"type-product","3":"status-publish","4":"has-post-thumbnail","6":"product_cat-accessoires-de-ventilation","7":"product_cat-test","8":"pa_marque-vasco","10":"first","11":"instock","12":"sale","13":"taxable","14":"shipping-taxable","15":"purchasable","16":"product-type-simple"},"aioseo_notices":[],"_links":{"self":[{"href":"https:\/\/promochaudiere.be\/nl\/wp-json\/wp\/v2\/product\/14089","targetHints":{"allow":["GET"]}}],"collection":[{"href":"https:\/\/promochaudiere.be\/nl\/wp-json\/wp\/v2\/product"}],"about":[{"href":"https:\/\/promochaudiere.be\/nl\/wp-json\/wp\/v2\/types\/product"}],"replies":[{"embeddable":true,"href":"https:\/\/promochaudiere.be\/nl\/wp-json\/wp\/v2\/comments?post=14089"}],"version-history":[{"count":1,"href":"https:\/\/promochaudiere.be\/nl\/wp-json\/wp\/v2\/product\/14089\/revisions"}],"predecessor-version":[{"id":53154,"href":"https:\/\/promochaudiere.be\/nl\/wp-json\/wp\/v2\/product\/14089\/revisions\/53154"}],"wp:featuredmedia":[{"embeddable":true,"href":"https:\/\/promochaudiere.be\/nl\/wp-json\/wp\/v2\/media\/22439"}],"wp:attachment":[{"href":"https:\/\/promochaudiere.be\/nl\/wp-json\/wp\/v2\/media?parent=14089"}],"wp:term":[{"taxonomy":"product_brand","embeddable":true,"href":"https:\/\/promochaudiere.be\/nl\/wp-json\/wp\/v2\/product_brand?post=14089"},{"taxonomy":"product_cat","embeddable":true,"href":"https:\/\/promochaudiere.be\/nl\/wp-json\/wp\/v2\/product_cat?post=14089"},{"taxonomy":"product_tag","embeddable":true,"href":"https:\/\/promochaudiere.be\/nl\/wp-json\/wp\/v2\/product_tag?post=14089"}],"curies":[{"name":"wp","href":"https:\/\/api.w.org\/{rel}","templated":true}]}}