{"id":14090,"date":"2025-01-17T09:50:06","date_gmt":"2025-01-17T09:50:06","guid":{"rendered":"https:\/\/promochaudiere.be\/produit\/vasco-bouche-de-plafond-de-luxe-en-carre-11ve30120\/"},"modified":"2026-02-03T18:13:45","modified_gmt":"2026-02-03T17:13:45","slug":"vasco-bouche-de-plafond-de-luxe-en-carre-11ve30120","status":"publish","type":"product","link":"https:\/\/promochaudiere.be\/nl\/product\/vasco-bouche-de-plafond-de-luxe-en-carre-11ve30120\/","title":{"rendered":"Vasco Bouche de plafond de luxe en carr\u00e9 11VE30120"},"content":{"rendered":"<p>Cette bouche d\u2019a\u00e9ration Vasco assure une distribution efficace de l\u2019air dans les espaces int\u00e9rieurs. Son design carr\u00e9 de luxe s\u2019int\u00e8gre parfaitement aux int\u00e9rieurs modernes. Fabriqu\u00e9e en mat\u00e9riau robuste, elle garantit une excellente r\u00e9sistance. Facile \u00e0 installer, elle am\u00e9liore le confort thermique. Id\u00e9ale pour une ventilation performante et esth\u00e9tique.<\/p>","protected":false},"excerpt":{"rendered":"<p>Vasco Bouche de plafond de luxe en carr\u00e9 11VE30120<\/p>","protected":false},"featured_media":22435,"comment_status":"open","ping_status":"closed","template":"","meta":[],"product_brand":[],"product_cat":[2791,8840],"product_tag":[],"class_list":{"0":"post-14090","1":"product","2":"type-product","3":"status-publish","4":"has-post-thumbnail","6":"product_cat-accessoires-de-ventilation","7":"product_cat-test","8":"pa_marque-vasco","10":"first","11":"instock","12":"sale","13":"taxable","14":"shipping-taxable","15":"purchasable","16":"product-type-simple"},"aioseo_notices":[],"_links":{"self":[{"href":"https:\/\/promochaudiere.be\/nl\/wp-json\/wp\/v2\/product\/14090","targetHints":{"allow":["GET"]}}],"collection":[{"href":"https:\/\/promochaudiere.be\/nl\/wp-json\/wp\/v2\/product"}],"about":[{"href":"https:\/\/promochaudiere.be\/nl\/wp-json\/wp\/v2\/types\/product"}],"replies":[{"embeddable":true,"href":"https:\/\/promochaudiere.be\/nl\/wp-json\/wp\/v2\/comments?post=14090"}],"version-history":[{"count":1,"href":"https:\/\/promochaudiere.be\/nl\/wp-json\/wp\/v2\/product\/14090\/revisions"}],"predecessor-version":[{"id":53153,"href":"https:\/\/promochaudiere.be\/nl\/wp-json\/wp\/v2\/product\/14090\/revisions\/53153"}],"wp:featuredmedia":[{"embeddable":true,"href":"https:\/\/promochaudiere.be\/nl\/wp-json\/wp\/v2\/media\/22435"}],"wp:attachment":[{"href":"https:\/\/promochaudiere.be\/nl\/wp-json\/wp\/v2\/media?parent=14090"}],"wp:term":[{"taxonomy":"product_brand","embeddable":true,"href":"https:\/\/promochaudiere.be\/nl\/wp-json\/wp\/v2\/product_brand?post=14090"},{"taxonomy":"product_cat","embeddable":true,"href":"https:\/\/promochaudiere.be\/nl\/wp-json\/wp\/v2\/product_cat?post=14090"},{"taxonomy":"product_tag","embeddable":true,"href":"https:\/\/promochaudiere.be\/nl\/wp-json\/wp\/v2\/product_tag?post=14090"}],"curies":[{"name":"wp","href":"https:\/\/api.w.org\/{rel}","templated":true}]}}