{"id":14091,"date":"2025-01-17T09:50:07","date_gmt":"2025-01-17T09:50:07","guid":{"rendered":"https:\/\/promochaudiere.be\/produit\/vasco-bouche-ronde-luxe-plafond-murale-11ve30270\/"},"modified":"2026-02-03T18:13:45","modified_gmt":"2026-02-03T17:13:45","slug":"vasco-bouche-ronde-luxe-plafond-murale-11ve30270","status":"publish","type":"product","link":"https:\/\/promochaudiere.be\/product\/vasco-bouche-ronde-luxe-plafond-murale-11ve30270\/","title":{"rendered":"Vasco Bouche ronde luxe plafond \/ murale 11VE30270"},"content":{"rendered":"<p>Cette bouche de ventilation Vasco est con\u00e7ue pour une installation au plafond ou sur un mur. Son design \u00e9l\u00e9gant assure une diffusion efficace de l\u2019air. Son installation simple garantit une int\u00e9gration rapide. Un accessoire id\u00e9al pour un renouvellement d\u2019air discret et performant.<\/p>","protected":false},"excerpt":{"rendered":"<p>Vasco Bouche ronde luxe plafond \/ murale 11VE30270<\/p>","protected":false},"featured_media":22657,"comment_status":"open","ping_status":"closed","template":"","meta":[],"product_brand":[],"product_cat":[2791,8840],"product_tag":[],"class_list":{"0":"post-14091","1":"product","2":"type-product","3":"status-publish","4":"has-post-thumbnail","6":"product_cat-accessoires-de-ventilation","7":"product_cat-test","8":"pa_marque-vasco","10":"first","11":"instock","12":"sale","13":"taxable","14":"shipping-taxable","15":"purchasable","16":"product-type-simple"},"aioseo_notices":[],"_links":{"self":[{"href":"https:\/\/promochaudiere.be\/nl\/wp-json\/wp\/v2\/product\/14091","targetHints":{"allow":["GET"]}}],"collection":[{"href":"https:\/\/promochaudiere.be\/nl\/wp-json\/wp\/v2\/product"}],"about":[{"href":"https:\/\/promochaudiere.be\/nl\/wp-json\/wp\/v2\/types\/product"}],"replies":[{"embeddable":true,"href":"https:\/\/promochaudiere.be\/nl\/wp-json\/wp\/v2\/comments?post=14091"}],"version-history":[{"count":1,"href":"https:\/\/promochaudiere.be\/nl\/wp-json\/wp\/v2\/product\/14091\/revisions"}],"predecessor-version":[{"id":53152,"href":"https:\/\/promochaudiere.be\/nl\/wp-json\/wp\/v2\/product\/14091\/revisions\/53152"}],"wp:featuredmedia":[{"embeddable":true,"href":"https:\/\/promochaudiere.be\/nl\/wp-json\/wp\/v2\/media\/22657"}],"wp:attachment":[{"href":"https:\/\/promochaudiere.be\/nl\/wp-json\/wp\/v2\/media?parent=14091"}],"wp:term":[{"taxonomy":"product_brand","embeddable":true,"href":"https:\/\/promochaudiere.be\/nl\/wp-json\/wp\/v2\/product_brand?post=14091"},{"taxonomy":"product_cat","embeddable":true,"href":"https:\/\/promochaudiere.be\/nl\/wp-json\/wp\/v2\/product_cat?post=14091"},{"taxonomy":"product_tag","embeddable":true,"href":"https:\/\/promochaudiere.be\/nl\/wp-json\/wp\/v2\/product_tag?post=14091"}],"curies":[{"name":"wp","href":"https:\/\/api.w.org\/{rel}","templated":true}]}}