{"id":14092,"date":"2025-01-17T09:50:07","date_gmt":"2025-01-17T09:50:07","guid":{"rendered":"https:\/\/promochaudiere.be\/produit\/duco-dedoubleur-clapets-de-reglage-pour-ducobox-focus-00004454\/"},"modified":"2026-02-03T18:14:55","modified_gmt":"2026-02-03T17:14:55","slug":"duco-dedoubleur-clapets-de-reglage-pour-ducobox-focus-00004454","status":"publish","type":"product","link":"https:\/\/promochaudiere.be\/nl\/product\/duco-dedoubleur-clapets-de-reglage-pour-ducobox-focus-00004454\/","title":{"rendered":"DUCO DEDOUBLEUR CLAPETS DE REGLAGE POUR DUCOBOX FOCUS 00004454"},"content":{"rendered":"<p>Ce d\u00e9doubleur facilite la gestion des clapets de r\u00e9glage pour les unit\u00e9s DucoBox Focus. Il permet un ajustement pr\u00e9cis du d\u00e9bit d\u2019air dans diff\u00e9rentes zones. Son installation rapide optimise la flexibilit\u00e9 du syst\u00e8me. Con\u00e7u avec des mat\u00e9riaux durables, il assure une performance stable et durable. Il am\u00e9liore la r\u00e9partition de l\u2019air tout en r\u00e9duisant la consommation \u00e9nerg\u00e9tique. Une solution id\u00e9ale pour une ventilation personnalis\u00e9e et efficace.<\/p>","protected":false},"excerpt":{"rendered":"<p>DUCO DEDOUBLEUR CLAPETS DE REGLAGE POUR DUCOBOX FOCUS 00004454<\/p>","protected":false},"featured_media":22169,"comment_status":"open","ping_status":"closed","template":"","meta":[],"product_brand":[],"product_cat":[10943,8840],"product_tag":[],"class_list":{"0":"post-14092","1":"product","2":"type-product","3":"status-publish","4":"has-post-thumbnail","6":"product_cat-accessoires-duco","7":"product_cat-test","8":"pa_marque-duco","10":"first","11":"instock","12":"sale","13":"taxable","14":"shipping-taxable","15":"purchasable","16":"product-type-simple"},"aioseo_notices":[],"_links":{"self":[{"href":"https:\/\/promochaudiere.be\/nl\/wp-json\/wp\/v2\/product\/14092","targetHints":{"allow":["GET"]}}],"collection":[{"href":"https:\/\/promochaudiere.be\/nl\/wp-json\/wp\/v2\/product"}],"about":[{"href":"https:\/\/promochaudiere.be\/nl\/wp-json\/wp\/v2\/types\/product"}],"replies":[{"embeddable":true,"href":"https:\/\/promochaudiere.be\/nl\/wp-json\/wp\/v2\/comments?post=14092"}],"version-history":[{"count":1,"href":"https:\/\/promochaudiere.be\/nl\/wp-json\/wp\/v2\/product\/14092\/revisions"}],"predecessor-version":[{"id":45833,"href":"https:\/\/promochaudiere.be\/nl\/wp-json\/wp\/v2\/product\/14092\/revisions\/45833"}],"wp:featuredmedia":[{"embeddable":true,"href":"https:\/\/promochaudiere.be\/nl\/wp-json\/wp\/v2\/media\/22169"}],"wp:attachment":[{"href":"https:\/\/promochaudiere.be\/nl\/wp-json\/wp\/v2\/media?parent=14092"}],"wp:term":[{"taxonomy":"product_brand","embeddable":true,"href":"https:\/\/promochaudiere.be\/nl\/wp-json\/wp\/v2\/product_brand?post=14092"},{"taxonomy":"product_cat","embeddable":true,"href":"https:\/\/promochaudiere.be\/nl\/wp-json\/wp\/v2\/product_cat?post=14092"},{"taxonomy":"product_tag","embeddable":true,"href":"https:\/\/promochaudiere.be\/nl\/wp-json\/wp\/v2\/product_tag?post=14092"}],"curies":[{"name":"wp","href":"https:\/\/api.w.org\/{rel}","templated":true}]}}