{"id":14093,"date":"2025-01-17T09:50:07","date_gmt":"2025-01-17T09:50:07","guid":{"rendered":"https:\/\/promochaudiere.be\/produit\/duco-commande-a-distance-rf-pile-bouton-blanc-00004600\/"},"modified":"2026-02-03T18:14:55","modified_gmt":"2026-02-03T17:14:55","slug":"duco-commande-a-distance-rf-pile-bouton-blanc-00004600","status":"publish","type":"product","link":"https:\/\/promochaudiere.be\/nl\/product\/duco-commande-a-distance-rf-pile-bouton-blanc-00004600\/","title":{"rendered":"DUCO COMMANDE A DISTANCE RF\/PILE BOUTON BLANC 00004600"},"content":{"rendered":"<p>Cette commande sans fil permet de contr\u00f4ler facilement les syst\u00e8mes de ventilation. Fonctionnant sur pile, elle offre une utilisation intuitive et pratique. Son design blanc s\u2019int\u00e8gre discr\u00e8tement aux int\u00e9rieurs. Elle assure un ajustement pr\u00e9cis de la ventilation pour un confort optimal. Facile \u00e0 installer et \u00e0 utiliser, elle am\u00e9liore la gestion des flux d\u2019air. Une solution ergonomique pour un contr\u00f4le simplifi\u00e9.<\/p>","protected":false},"excerpt":{"rendered":"<p>DUCO COMMANDE A DISTANCE RF\/PILE BOUTON BLANC 00004600<\/p>","protected":false},"featured_media":22452,"comment_status":"open","ping_status":"closed","template":"","meta":[],"product_brand":[],"product_cat":[10943,8840],"product_tag":[],"class_list":{"0":"post-14093","1":"product","2":"type-product","3":"status-publish","4":"has-post-thumbnail","6":"product_cat-accessoires-duco","7":"product_cat-test","8":"pa_marque-duco","10":"first","11":"instock","12":"sale","13":"taxable","14":"shipping-taxable","15":"purchasable","16":"product-type-simple"},"aioseo_notices":[],"_links":{"self":[{"href":"https:\/\/promochaudiere.be\/nl\/wp-json\/wp\/v2\/product\/14093","targetHints":{"allow":["GET"]}}],"collection":[{"href":"https:\/\/promochaudiere.be\/nl\/wp-json\/wp\/v2\/product"}],"about":[{"href":"https:\/\/promochaudiere.be\/nl\/wp-json\/wp\/v2\/types\/product"}],"replies":[{"embeddable":true,"href":"https:\/\/promochaudiere.be\/nl\/wp-json\/wp\/v2\/comments?post=14093"}],"version-history":[{"count":1,"href":"https:\/\/promochaudiere.be\/nl\/wp-json\/wp\/v2\/product\/14093\/revisions"}],"predecessor-version":[{"id":45834,"href":"https:\/\/promochaudiere.be\/nl\/wp-json\/wp\/v2\/product\/14093\/revisions\/45834"}],"wp:featuredmedia":[{"embeddable":true,"href":"https:\/\/promochaudiere.be\/nl\/wp-json\/wp\/v2\/media\/22452"}],"wp:attachment":[{"href":"https:\/\/promochaudiere.be\/nl\/wp-json\/wp\/v2\/media?parent=14093"}],"wp:term":[{"taxonomy":"product_brand","embeddable":true,"href":"https:\/\/promochaudiere.be\/nl\/wp-json\/wp\/v2\/product_brand?post=14093"},{"taxonomy":"product_cat","embeddable":true,"href":"https:\/\/promochaudiere.be\/nl\/wp-json\/wp\/v2\/product_cat?post=14093"},{"taxonomy":"product_tag","embeddable":true,"href":"https:\/\/promochaudiere.be\/nl\/wp-json\/wp\/v2\/product_tag?post=14093"}],"curies":[{"name":"wp","href":"https:\/\/api.w.org\/{rel}","templated":true}]}}