{"id":14094,"date":"2025-01-17T09:50:08","date_gmt":"2025-01-17T09:50:08","guid":{"rendered":"https:\/\/promochaudiere.be\/produit\/duco-commande-a-distance-rf-pile-bouton-noir-00004175\/"},"modified":"2026-02-03T18:14:55","modified_gmt":"2026-02-03T17:14:55","slug":"duco-commande-a-distance-rf-pile-bouton-noir-00004175","status":"publish","type":"product","link":"https:\/\/promochaudiere.be\/nl\/product\/duco-commande-a-distance-rf-pile-bouton-noir-00004175\/","title":{"rendered":"Duco COMMANDE A DISTANCE RF\/PILE BOUTON NOIR 00004175"},"content":{"rendered":"<p>Cette commande sans fil permet de contr\u00f4ler \u00e0 distance les syst\u00e8mes de ventilation Duco. Fonctionnant sur pile, elle offre une utilisation intuitive et pratique. Son design noir s\u2019int\u00e8gre discr\u00e8tement aux environnements modernes. Elle permet un r\u00e9glage pr\u00e9cis du d\u00e9bit d\u2019air pour un confort optimal. Facile \u00e0 installer, elle am\u00e9liore la gestion des flux d\u2019air. Une solution ergonomique pour un contr\u00f4le simplifi\u00e9.<\/p>","protected":false},"excerpt":{"rendered":"<p>Duco COMMANDE A DISTANCE RF\/PILE BOUTON NOIR 00004175<\/p>","protected":false},"featured_media":22451,"comment_status":"open","ping_status":"closed","template":"","meta":[],"product_brand":[],"product_cat":[10943,8840],"product_tag":[],"class_list":{"0":"post-14094","1":"product","2":"type-product","3":"status-publish","4":"has-post-thumbnail","6":"product_cat-accessoires-duco","7":"product_cat-test","8":"pa_marque-duco","10":"first","11":"instock","12":"sale","13":"taxable","14":"shipping-taxable","15":"purchasable","16":"product-type-simple"},"aioseo_notices":[],"_links":{"self":[{"href":"https:\/\/promochaudiere.be\/nl\/wp-json\/wp\/v2\/product\/14094","targetHints":{"allow":["GET"]}}],"collection":[{"href":"https:\/\/promochaudiere.be\/nl\/wp-json\/wp\/v2\/product"}],"about":[{"href":"https:\/\/promochaudiere.be\/nl\/wp-json\/wp\/v2\/types\/product"}],"replies":[{"embeddable":true,"href":"https:\/\/promochaudiere.be\/nl\/wp-json\/wp\/v2\/comments?post=14094"}],"version-history":[{"count":1,"href":"https:\/\/promochaudiere.be\/nl\/wp-json\/wp\/v2\/product\/14094\/revisions"}],"predecessor-version":[{"id":45830,"href":"https:\/\/promochaudiere.be\/nl\/wp-json\/wp\/v2\/product\/14094\/revisions\/45830"}],"wp:featuredmedia":[{"embeddable":true,"href":"https:\/\/promochaudiere.be\/nl\/wp-json\/wp\/v2\/media\/22451"}],"wp:attachment":[{"href":"https:\/\/promochaudiere.be\/nl\/wp-json\/wp\/v2\/media?parent=14094"}],"wp:term":[{"taxonomy":"product_brand","embeddable":true,"href":"https:\/\/promochaudiere.be\/nl\/wp-json\/wp\/v2\/product_brand?post=14094"},{"taxonomy":"product_cat","embeddable":true,"href":"https:\/\/promochaudiere.be\/nl\/wp-json\/wp\/v2\/product_cat?post=14094"},{"taxonomy":"product_tag","embeddable":true,"href":"https:\/\/promochaudiere.be\/nl\/wp-json\/wp\/v2\/product_tag?post=14094"}],"curies":[{"name":"wp","href":"https:\/\/api.w.org\/{rel}","templated":true}]}}