{"id":14098,"date":"2025-01-17T09:50:09","date_gmt":"2025-01-17T09:50:09","guid":{"rendered":"https:\/\/promochaudiere.be\/produit\/bouche-design-platre-ergovent-kvadro-125mm-kvadro125\/"},"modified":"2026-02-03T18:14:55","modified_gmt":"2026-02-03T17:14:55","slug":"bouche-design-platre-ergovent-kvadro-125mm-kvadro125","status":"publish","type":"product","link":"https:\/\/promochaudiere.be\/nl\/product\/bouche-design-platre-ergovent-kvadro-125mm-kvadro125\/","title":{"rendered":"BOUCHE DESIGN PLATRE ERGOVENT KVADRO 125MM KVADRO125"},"content":{"rendered":"<p>Le mod\u00e8le KVADRO 125 mm d\u2019Ergovent offre les m\u00eames performances en mati\u00e8re de ventilation que la version 100 mm, avec un diam\u00e8tre plus grand pour un meilleur d\u00e9bit d\u2019air. Son design en pl\u00e2tre blanc s\u2019int\u00e8gre parfaitement aux int\u00e9rieurs modernes. Un accessoire id\u00e9al pour am\u00e9liorer la qualit\u00e9 de l\u2019air.<\/p>","protected":false},"excerpt":{"rendered":"<p>BOUCHE DESIGN PLATRE ERGOVENT KVADRO 125MM KVADRO125<\/p>","protected":false},"featured_media":21493,"comment_status":"open","ping_status":"closed","template":"","meta":[],"product_brand":[],"product_cat":[2791,8840],"product_tag":[],"class_list":{"0":"post-14098","1":"product","2":"type-product","3":"status-publish","4":"has-post-thumbnail","6":"product_cat-accessoires-de-ventilation","7":"product_cat-test","9":"first","10":"instock","11":"sale","12":"taxable","13":"shipping-taxable","14":"purchasable","15":"product-type-simple"},"aioseo_notices":[],"_links":{"self":[{"href":"https:\/\/promochaudiere.be\/nl\/wp-json\/wp\/v2\/product\/14098","targetHints":{"allow":["GET"]}}],"collection":[{"href":"https:\/\/promochaudiere.be\/nl\/wp-json\/wp\/v2\/product"}],"about":[{"href":"https:\/\/promochaudiere.be\/nl\/wp-json\/wp\/v2\/types\/product"}],"replies":[{"embeddable":true,"href":"https:\/\/promochaudiere.be\/nl\/wp-json\/wp\/v2\/comments?post=14098"}],"version-history":[{"count":1,"href":"https:\/\/promochaudiere.be\/nl\/wp-json\/wp\/v2\/product\/14098\/revisions"}],"predecessor-version":[{"id":53151,"href":"https:\/\/promochaudiere.be\/nl\/wp-json\/wp\/v2\/product\/14098\/revisions\/53151"}],"wp:featuredmedia":[{"embeddable":true,"href":"https:\/\/promochaudiere.be\/nl\/wp-json\/wp\/v2\/media\/21493"}],"wp:attachment":[{"href":"https:\/\/promochaudiere.be\/nl\/wp-json\/wp\/v2\/media?parent=14098"}],"wp:term":[{"taxonomy":"product_brand","embeddable":true,"href":"https:\/\/promochaudiere.be\/nl\/wp-json\/wp\/v2\/product_brand?post=14098"},{"taxonomy":"product_cat","embeddable":true,"href":"https:\/\/promochaudiere.be\/nl\/wp-json\/wp\/v2\/product_cat?post=14098"},{"taxonomy":"product_tag","embeddable":true,"href":"https:\/\/promochaudiere.be\/nl\/wp-json\/wp\/v2\/product_tag?post=14098"}],"curies":[{"name":"wp","href":"https:\/\/api.w.org\/{rel}","templated":true}]}}