{"id":14099,"date":"2025-01-17T09:50:09","date_gmt":"2025-01-17T09:50:09","guid":{"rendered":"https:\/\/promochaudiere.be\/produit\/bouche-design-platre-ergovent-kvadro-100mm-kvadro100\/"},"modified":"2026-02-03T18:14:55","modified_gmt":"2026-02-03T17:14:55","slug":"bouche-design-platre-ergovent-kvadro-100mm-kvadro100","status":"publish","type":"product","link":"https:\/\/promochaudiere.be\/nl\/product\/bouche-design-platre-ergovent-kvadro-100mm-kvadro100\/","title":{"rendered":"BOUCHE DESIGN PLATRE ERGOVENT KVADRO 100MM KVADRO100"},"content":{"rendered":"<p>Cette bouche d\u2019a\u00e9ration design Ergovent KVADRO 100 mm est id\u00e9ale pour une int\u00e9gration discr\u00e8te dans les plafonds en pl\u00e2tre. Son design \u00e9pur\u00e9 assure une circulation d\u2019air efficace tout en pr\u00e9servant l\u2019esth\u00e9tique de la pi\u00e8ce. Facile \u00e0 installer, elle garantit une ventilation optimale et un bon renouvellement de l\u2019air.<\/p>","protected":false},"excerpt":{"rendered":"<p>BOUCHE DESIGN PLATRE ERGOVENT KVADRO 100MM KVADRO100<\/p>","protected":false},"featured_media":21492,"comment_status":"open","ping_status":"closed","template":"","meta":[],"product_brand":[],"product_cat":[2791,8840],"product_tag":[],"class_list":{"0":"post-14099","1":"product","2":"type-product","3":"status-publish","4":"has-post-thumbnail","6":"product_cat-accessoires-de-ventilation","7":"product_cat-test","9":"first","10":"instock","11":"sale","12":"taxable","13":"shipping-taxable","14":"purchasable","15":"product-type-simple"},"aioseo_notices":[],"_links":{"self":[{"href":"https:\/\/promochaudiere.be\/nl\/wp-json\/wp\/v2\/product\/14099","targetHints":{"allow":["GET"]}}],"collection":[{"href":"https:\/\/promochaudiere.be\/nl\/wp-json\/wp\/v2\/product"}],"about":[{"href":"https:\/\/promochaudiere.be\/nl\/wp-json\/wp\/v2\/types\/product"}],"replies":[{"embeddable":true,"href":"https:\/\/promochaudiere.be\/nl\/wp-json\/wp\/v2\/comments?post=14099"}],"version-history":[{"count":1,"href":"https:\/\/promochaudiere.be\/nl\/wp-json\/wp\/v2\/product\/14099\/revisions"}],"predecessor-version":[{"id":53150,"href":"https:\/\/promochaudiere.be\/nl\/wp-json\/wp\/v2\/product\/14099\/revisions\/53150"}],"wp:featuredmedia":[{"embeddable":true,"href":"https:\/\/promochaudiere.be\/nl\/wp-json\/wp\/v2\/media\/21492"}],"wp:attachment":[{"href":"https:\/\/promochaudiere.be\/nl\/wp-json\/wp\/v2\/media?parent=14099"}],"wp:term":[{"taxonomy":"product_brand","embeddable":true,"href":"https:\/\/promochaudiere.be\/nl\/wp-json\/wp\/v2\/product_brand?post=14099"},{"taxonomy":"product_cat","embeddable":true,"href":"https:\/\/promochaudiere.be\/nl\/wp-json\/wp\/v2\/product_cat?post=14099"},{"taxonomy":"product_tag","embeddable":true,"href":"https:\/\/promochaudiere.be\/nl\/wp-json\/wp\/v2\/product_tag?post=14099"}],"curies":[{"name":"wp","href":"https:\/\/api.w.org\/{rel}","templated":true}]}}