{"id":14103,"date":"2025-01-17T09:50:11","date_gmt":"2025-01-17T09:50:11","guid":{"rendered":"https:\/\/promochaudiere.be\/produit\/limiteur-de-pression-avec-point-de-mesure-30kg-h-175b-20-150mf-ggp100261\/"},"modified":"2026-02-03T18:14:55","modified_gmt":"2026-02-03T17:14:55","slug":"limiteur-de-pression-avec-point-de-mesure-30kg-h-175b-20-150mf-ggp100261","status":"publish","type":"product","link":"https:\/\/promochaudiere.be\/nl\/product\/limiteur-de-pression-avec-point-de-mesure-30kg-h-175b-20-150mf-ggp100261\/","title":{"rendered":"LIMITEUR DE PRESSION AVEC POINT DE MESURE 30kg\/h 1,75b 20\/150MF GGP100261"},"content":{"rendered":"<p>Ce limiteur de pression avec point de mesure permet un contr\u00f4le pr\u00e9cis du d\u00e9bit de gaz dans les installations domestiques et industrielles. Sa capacit\u00e9 de 30 kg\/h assure un approvisionnement stable et s\u00e9curis\u00e9. Facile \u00e0 installer, il garantit une protection optimale contre les variations de pression.<\/p>","protected":false},"excerpt":{"rendered":"<p>LIMITEUR DE PRESSION AVEC POINT DE MESURE 30kg\/h 1,75b 20\/150MF GGP100261<\/p>","protected":false},"featured_media":21481,"comment_status":"open","ping_status":"closed","template":"","meta":[],"product_brand":[],"product_cat":[5549,8840],"product_tag":[],"class_list":{"0":"post-14103","1":"product","2":"type-product","3":"status-publish","4":"has-post-thumbnail","6":"product_cat-accessoires-gaz","7":"product_cat-test","9":"first","10":"instock","11":"sale","12":"taxable","13":"shipping-taxable","14":"purchasable","15":"product-type-simple"},"aioseo_notices":[],"_links":{"self":[{"href":"https:\/\/promochaudiere.be\/nl\/wp-json\/wp\/v2\/product\/14103","targetHints":{"allow":["GET"]}}],"collection":[{"href":"https:\/\/promochaudiere.be\/nl\/wp-json\/wp\/v2\/product"}],"about":[{"href":"https:\/\/promochaudiere.be\/nl\/wp-json\/wp\/v2\/types\/product"}],"replies":[{"embeddable":true,"href":"https:\/\/promochaudiere.be\/nl\/wp-json\/wp\/v2\/comments?post=14103"}],"version-history":[{"count":1,"href":"https:\/\/promochaudiere.be\/nl\/wp-json\/wp\/v2\/product\/14103\/revisions"}],"predecessor-version":[{"id":53147,"href":"https:\/\/promochaudiere.be\/nl\/wp-json\/wp\/v2\/product\/14103\/revisions\/53147"}],"wp:featuredmedia":[{"embeddable":true,"href":"https:\/\/promochaudiere.be\/nl\/wp-json\/wp\/v2\/media\/21481"}],"wp:attachment":[{"href":"https:\/\/promochaudiere.be\/nl\/wp-json\/wp\/v2\/media?parent=14103"}],"wp:term":[{"taxonomy":"product_brand","embeddable":true,"href":"https:\/\/promochaudiere.be\/nl\/wp-json\/wp\/v2\/product_brand?post=14103"},{"taxonomy":"product_cat","embeddable":true,"href":"https:\/\/promochaudiere.be\/nl\/wp-json\/wp\/v2\/product_cat?post=14103"},{"taxonomy":"product_tag","embeddable":true,"href":"https:\/\/promochaudiere.be\/nl\/wp-json\/wp\/v2\/product_tag?post=14103"}],"curies":[{"name":"wp","href":"https:\/\/api.w.org\/{rel}","templated":true}]}}