{"id":14105,"date":"2025-01-17T09:50:11","date_gmt":"2025-01-17T09:50:11","guid":{"rendered":"https:\/\/promochaudiere.be\/produit\/comap-combinaison-thermostatique-monotube-murcoude-1-2-m22-rk8096046\/"},"modified":"2026-02-03T18:14:56","modified_gmt":"2026-02-03T17:14:56","slug":"comap-combinaison-thermostatique-monotube-murcoude-1-2-m22-rk8096046","status":"publish","type":"product","link":"https:\/\/promochaudiere.be\/nl\/product\/comap-combinaison-thermostatique-monotube-murcoude-1-2-m22-rk8096046\/","title":{"rendered":"Comap COMBINAISON THERMOSTATIQUE MONOTUBE MUR+COUDE 1\/2&Prime;-M22 RK8096046"},"content":{"rendered":"<p>Con\u00e7u pour les circuits monotubes, ce kit Comap assure une r\u00e9gulation pr\u00e9cise de la temp\u00e9rature gr\u00e2ce \u00e0 son thermostat int\u00e9gr\u00e9. Son installation murale et son coude facilitent le montage dans les syst\u00e8mes de chauffage central.<\/p>","protected":false},"excerpt":{"rendered":"<p>Comap COMBINAISON THERMOSTATIQUE MONOTUBE MUR+COUDE 1\/2&Prime;-M22 RK8096046<\/p>","protected":false},"featured_media":22001,"comment_status":"open","ping_status":"closed","template":"","meta":[],"product_brand":[],"product_cat":[574,8840],"product_tag":[],"class_list":{"0":"post-14105","1":"product","2":"type-product","3":"status-publish","4":"has-post-thumbnail","6":"product_cat-accessoires-radiateurs","7":"product_cat-test","8":"pa_marque-comap","10":"first","11":"instock","12":"sale","13":"taxable","14":"shipping-taxable","15":"purchasable","16":"product-type-simple"},"aioseo_notices":[],"_links":{"self":[{"href":"https:\/\/promochaudiere.be\/nl\/wp-json\/wp\/v2\/product\/14105","targetHints":{"allow":["GET"]}}],"collection":[{"href":"https:\/\/promochaudiere.be\/nl\/wp-json\/wp\/v2\/product"}],"about":[{"href":"https:\/\/promochaudiere.be\/nl\/wp-json\/wp\/v2\/types\/product"}],"replies":[{"embeddable":true,"href":"https:\/\/promochaudiere.be\/nl\/wp-json\/wp\/v2\/comments?post=14105"}],"version-history":[{"count":1,"href":"https:\/\/promochaudiere.be\/nl\/wp-json\/wp\/v2\/product\/14105\/revisions"}],"predecessor-version":[{"id":45827,"href":"https:\/\/promochaudiere.be\/nl\/wp-json\/wp\/v2\/product\/14105\/revisions\/45827"}],"wp:featuredmedia":[{"embeddable":true,"href":"https:\/\/promochaudiere.be\/nl\/wp-json\/wp\/v2\/media\/22001"}],"wp:attachment":[{"href":"https:\/\/promochaudiere.be\/nl\/wp-json\/wp\/v2\/media?parent=14105"}],"wp:term":[{"taxonomy":"product_brand","embeddable":true,"href":"https:\/\/promochaudiere.be\/nl\/wp-json\/wp\/v2\/product_brand?post=14105"},{"taxonomy":"product_cat","embeddable":true,"href":"https:\/\/promochaudiere.be\/nl\/wp-json\/wp\/v2\/product_cat?post=14105"},{"taxonomy":"product_tag","embeddable":true,"href":"https:\/\/promochaudiere.be\/nl\/wp-json\/wp\/v2\/product_tag?post=14105"}],"curies":[{"name":"wp","href":"https:\/\/api.w.org\/{rel}","templated":true}]}}