{"id":14107,"date":"2025-01-17T09:50:12","date_gmt":"2025-01-17T09:50:12","guid":{"rendered":"https:\/\/promochaudiere.be\/produit\/bosch-soupape-de-securite-pour-chaudiere-murale-a-condensation-7000-7095595\/"},"modified":"2026-02-03T18:14:56","modified_gmt":"2026-02-03T17:14:56","slug":"bosch-soupape-de-securite-pour-chaudiere-murale-a-condensation-7000-7095595","status":"publish","type":"product","link":"https:\/\/promochaudiere.be\/nl\/product\/bosch-soupape-de-securite-pour-chaudiere-murale-a-condensation-7000-7095595\/","title":{"rendered":"BOSCH SOUPAPE DE SECURITE POUR CHAUDIERE MURALE A CONDENSATION 7000 7095595"},"content":{"rendered":"<p>Cette soupape de s\u00e9curit\u00e9 Bosch est con\u00e7ue pour prot\u00e9ger les chaudi\u00e8res murales contre les surpressions. Son m\u00e9canisme automatique permet de lib\u00e9rer l\u2019exc\u00e8s de pression, garantissant ainsi un fonctionnement s\u00e9curis\u00e9 et optimal du syst\u00e8me. Facile \u00e0 installer, elle assure une performance fiable et durable.<\/p>","protected":false},"excerpt":{"rendered":"<p>BOSCH SOUPAPE DE SECURITE POUR CHAUDIERE MURALE A CONDENSATION 7000 7095595<\/p>","protected":false},"featured_media":21972,"comment_status":"open","ping_status":"closed","template":"","meta":[],"product_brand":[],"product_cat":[9489,8840],"product_tag":[],"class_list":{"0":"post-14107","1":"product","2":"type-product","3":"status-publish","4":"has-post-thumbnail","6":"product_cat-accessoire-de-raccordement-bosch","7":"product_cat-test","8":"pa_marque-bosch","10":"first","11":"instock","12":"sale","13":"taxable","14":"shipping-taxable","15":"purchasable","16":"product-type-simple"},"aioseo_notices":[],"_links":{"self":[{"href":"https:\/\/promochaudiere.be\/nl\/wp-json\/wp\/v2\/product\/14107","targetHints":{"allow":["GET"]}}],"collection":[{"href":"https:\/\/promochaudiere.be\/nl\/wp-json\/wp\/v2\/product"}],"about":[{"href":"https:\/\/promochaudiere.be\/nl\/wp-json\/wp\/v2\/types\/product"}],"replies":[{"embeddable":true,"href":"https:\/\/promochaudiere.be\/nl\/wp-json\/wp\/v2\/comments?post=14107"}],"version-history":[{"count":1,"href":"https:\/\/promochaudiere.be\/nl\/wp-json\/wp\/v2\/product\/14107\/revisions"}],"predecessor-version":[{"id":45825,"href":"https:\/\/promochaudiere.be\/nl\/wp-json\/wp\/v2\/product\/14107\/revisions\/45825"}],"wp:featuredmedia":[{"embeddable":true,"href":"https:\/\/promochaudiere.be\/nl\/wp-json\/wp\/v2\/media\/21972"}],"wp:attachment":[{"href":"https:\/\/promochaudiere.be\/nl\/wp-json\/wp\/v2\/media?parent=14107"}],"wp:term":[{"taxonomy":"product_brand","embeddable":true,"href":"https:\/\/promochaudiere.be\/nl\/wp-json\/wp\/v2\/product_brand?post=14107"},{"taxonomy":"product_cat","embeddable":true,"href":"https:\/\/promochaudiere.be\/nl\/wp-json\/wp\/v2\/product_cat?post=14107"},{"taxonomy":"product_tag","embeddable":true,"href":"https:\/\/promochaudiere.be\/nl\/wp-json\/wp\/v2\/product_tag?post=14107"}],"curies":[{"name":"wp","href":"https:\/\/api.w.org\/{rel}","templated":true}]}}