{"id":14108,"date":"2025-01-17T09:50:12","date_gmt":"2025-01-17T09:50:12","guid":{"rendered":"https:\/\/promochaudiere.be\/produit\/junkers-turbine-87376007810\/"},"modified":"2026-02-03T18:14:56","modified_gmt":"2026-02-03T17:14:56","slug":"junkers-turbine-87376007810","status":"publish","type":"product","link":"https:\/\/promochaudiere.be\/nl\/product\/junkers-turbine-87376007810\/","title":{"rendered":"JUNKERS TURBINE 87376007810"},"content":{"rendered":"<p>La turbine Junkers est un composant essentiel pour assurer une circulation d\u2019air optimale dans votre chaudi\u00e8re. Con\u00e7ue pour maximiser l\u2019efficacit\u00e9 du syst\u00e8me de combustion, elle garantit un flux d\u2019air constant et une performance \u00e9nerg\u00e9tique am\u00e9lior\u00e9e. Son installation est simple et rapide, permettant un remplacement efficace en cas d\u2019usure. Fabriqu\u00e9e avec des mat\u00e9riaux r\u00e9sistants, elle assure une longue dur\u00e9e de vie et une fiabilit\u00e9 accrue.<\/p>","protected":false},"excerpt":{"rendered":"<p>JUNKERS TURBINE 87376007810<\/p>","protected":false},"featured_media":21381,"comment_status":"open","ping_status":"closed","template":"","meta":[],"product_brand":[],"product_cat":[9485,8840],"product_tag":[],"class_list":{"0":"post-14108","1":"product","2":"type-product","3":"status-publish","4":"has-post-thumbnail","6":"product_cat-pieces-detachees-bosch","7":"product_cat-test","8":"pa_marque-bosch","10":"first","11":"instock","12":"sale","13":"taxable","14":"shipping-taxable","15":"purchasable","16":"product-type-simple"},"aioseo_notices":[],"_links":{"self":[{"href":"https:\/\/promochaudiere.be\/nl\/wp-json\/wp\/v2\/product\/14108","targetHints":{"allow":["GET"]}}],"collection":[{"href":"https:\/\/promochaudiere.be\/nl\/wp-json\/wp\/v2\/product"}],"about":[{"href":"https:\/\/promochaudiere.be\/nl\/wp-json\/wp\/v2\/types\/product"}],"replies":[{"embeddable":true,"href":"https:\/\/promochaudiere.be\/nl\/wp-json\/wp\/v2\/comments?post=14108"}],"version-history":[{"count":1,"href":"https:\/\/promochaudiere.be\/nl\/wp-json\/wp\/v2\/product\/14108\/revisions"}],"predecessor-version":[{"id":45826,"href":"https:\/\/promochaudiere.be\/nl\/wp-json\/wp\/v2\/product\/14108\/revisions\/45826"}],"wp:featuredmedia":[{"embeddable":true,"href":"https:\/\/promochaudiere.be\/nl\/wp-json\/wp\/v2\/media\/21381"}],"wp:attachment":[{"href":"https:\/\/promochaudiere.be\/nl\/wp-json\/wp\/v2\/media?parent=14108"}],"wp:term":[{"taxonomy":"product_brand","embeddable":true,"href":"https:\/\/promochaudiere.be\/nl\/wp-json\/wp\/v2\/product_brand?post=14108"},{"taxonomy":"product_cat","embeddable":true,"href":"https:\/\/promochaudiere.be\/nl\/wp-json\/wp\/v2\/product_cat?post=14108"},{"taxonomy":"product_tag","embeddable":true,"href":"https:\/\/promochaudiere.be\/nl\/wp-json\/wp\/v2\/product_tag?post=14108"}],"curies":[{"name":"wp","href":"https:\/\/api.w.org\/{rel}","templated":true}]}}