{"id":14109,"date":"2025-01-17T09:50:13","date_gmt":"2025-01-17T09:50:13","guid":{"rendered":"https:\/\/promochaudiere.be\/produit\/bosch-kit-dentretien-wb6-8737712516\/"},"modified":"2026-02-03T18:14:56","modified_gmt":"2026-02-03T17:14:56","slug":"bosch-kit-dentretien-wb6-8737712516","status":"publish","type":"product","link":"https:\/\/promochaudiere.be\/nl\/product\/bosch-kit-dentretien-wb6-8737712516\/","title":{"rendered":"BOSCH KIT D&rsquo;ENTRETIEN WB6 8737712516"},"content":{"rendered":"<p>Le kit d\u2019entretien Bosch WB6 est sp\u00e9cialement con\u00e7u pour maintenir les performances de votre chaudi\u00e8re sur le long terme. Il inclut toutes les pi\u00e8ces n\u00e9cessaires pour garantir un fonctionnement s\u00fbr et optimal. Facile \u00e0 installer, il permet un entretien r\u00e9gulier et pr\u00e9ventif, \u00e9vitant ainsi les pannes co\u00fbteuses. Compatible avec les mod\u00e8les Bosch, il contribue \u00e0 prolonger la dur\u00e9e de vie de votre installation. Un choix essentiel pour une chaudi\u00e8re toujours performante.<\/p>","protected":false},"excerpt":{"rendered":"<p>BOSCH KIT D&rsquo;ENTRETIEN WB6 8737712516<\/p>","protected":false},"featured_media":21611,"comment_status":"open","ping_status":"closed","template":"","meta":[],"product_brand":[],"product_cat":[9485,8840],"product_tag":[],"class_list":{"0":"post-14109","1":"product","2":"type-product","3":"status-publish","4":"has-post-thumbnail","6":"product_cat-pieces-detachees-bosch","7":"product_cat-test","8":"pa_marque-bosch","10":"first","11":"instock","12":"sale","13":"taxable","14":"shipping-taxable","15":"purchasable","16":"product-type-simple"},"aioseo_notices":[],"_links":{"self":[{"href":"https:\/\/promochaudiere.be\/nl\/wp-json\/wp\/v2\/product\/14109","targetHints":{"allow":["GET"]}}],"collection":[{"href":"https:\/\/promochaudiere.be\/nl\/wp-json\/wp\/v2\/product"}],"about":[{"href":"https:\/\/promochaudiere.be\/nl\/wp-json\/wp\/v2\/types\/product"}],"replies":[{"embeddable":true,"href":"https:\/\/promochaudiere.be\/nl\/wp-json\/wp\/v2\/comments?post=14109"}],"version-history":[{"count":1,"href":"https:\/\/promochaudiere.be\/nl\/wp-json\/wp\/v2\/product\/14109\/revisions"}],"predecessor-version":[{"id":45821,"href":"https:\/\/promochaudiere.be\/nl\/wp-json\/wp\/v2\/product\/14109\/revisions\/45821"}],"wp:featuredmedia":[{"embeddable":true,"href":"https:\/\/promochaudiere.be\/nl\/wp-json\/wp\/v2\/media\/21611"}],"wp:attachment":[{"href":"https:\/\/promochaudiere.be\/nl\/wp-json\/wp\/v2\/media?parent=14109"}],"wp:term":[{"taxonomy":"product_brand","embeddable":true,"href":"https:\/\/promochaudiere.be\/nl\/wp-json\/wp\/v2\/product_brand?post=14109"},{"taxonomy":"product_cat","embeddable":true,"href":"https:\/\/promochaudiere.be\/nl\/wp-json\/wp\/v2\/product_cat?post=14109"},{"taxonomy":"product_tag","embeddable":true,"href":"https:\/\/promochaudiere.be\/nl\/wp-json\/wp\/v2\/product_tag?post=14109"}],"curies":[{"name":"wp","href":"https:\/\/api.w.org\/{rel}","templated":true}]}}