{"id":14110,"date":"2025-01-17T09:50:13","date_gmt":"2025-01-17T09:50:13","guid":{"rendered":"https:\/\/promochaudiere.be\/produit\/bosch-plaque-connect-echangeur-eq-87160118190\/"},"modified":"2026-02-03T18:14:56","modified_gmt":"2026-02-03T17:14:56","slug":"bosch-plaque-connect-echangeur-eq-87160118190","status":"publish","type":"product","link":"https:\/\/promochaudiere.be\/nl\/product\/bosch-plaque-connect-echangeur-eq-87160118190\/","title":{"rendered":"Bosch PLAQUE CONNECT.ECHANGEUR .EQ 87160118190"},"content":{"rendered":"<p>Cette plaque de connexion Bosch est con\u00e7ue pour optimiser le raccordement de l\u2019\u00e9changeur de chaleur. Elle assure une \u00e9tanch\u00e9it\u00e9 parfaite et une circulation fluide de l\u2019eau dans les circuits de chauffage. Facile \u00e0 installer, elle am\u00e9liore le rendement thermique et la durabilit\u00e9 des \u00e9quipements. Un accessoire essentiel pour garantir une installation fiable et performante.<\/p>","protected":false},"excerpt":{"rendered":"<p>Bosch PLAQUE CONNECT.ECHANGEUR .EQ 87160118190<\/p>","protected":false},"featured_media":21933,"comment_status":"open","ping_status":"closed","template":"","meta":[],"product_brand":[],"product_cat":[9485,8840],"product_tag":[],"class_list":{"0":"post-14110","1":"product","2":"type-product","3":"status-publish","4":"has-post-thumbnail","6":"product_cat-pieces-detachees-bosch","7":"product_cat-test","8":"pa_marque-bosch","10":"first","11":"instock","12":"sale","13":"taxable","14":"shipping-taxable","15":"purchasable","16":"product-type-simple"},"aioseo_notices":[],"_links":{"self":[{"href":"https:\/\/promochaudiere.be\/nl\/wp-json\/wp\/v2\/product\/14110","targetHints":{"allow":["GET"]}}],"collection":[{"href":"https:\/\/promochaudiere.be\/nl\/wp-json\/wp\/v2\/product"}],"about":[{"href":"https:\/\/promochaudiere.be\/nl\/wp-json\/wp\/v2\/types\/product"}],"replies":[{"embeddable":true,"href":"https:\/\/promochaudiere.be\/nl\/wp-json\/wp\/v2\/comments?post=14110"}],"version-history":[{"count":1,"href":"https:\/\/promochaudiere.be\/nl\/wp-json\/wp\/v2\/product\/14110\/revisions"}],"predecessor-version":[{"id":45822,"href":"https:\/\/promochaudiere.be\/nl\/wp-json\/wp\/v2\/product\/14110\/revisions\/45822"}],"wp:featuredmedia":[{"embeddable":true,"href":"https:\/\/promochaudiere.be\/nl\/wp-json\/wp\/v2\/media\/21933"}],"wp:attachment":[{"href":"https:\/\/promochaudiere.be\/nl\/wp-json\/wp\/v2\/media?parent=14110"}],"wp:term":[{"taxonomy":"product_brand","embeddable":true,"href":"https:\/\/promochaudiere.be\/nl\/wp-json\/wp\/v2\/product_brand?post=14110"},{"taxonomy":"product_cat","embeddable":true,"href":"https:\/\/promochaudiere.be\/nl\/wp-json\/wp\/v2\/product_cat?post=14110"},{"taxonomy":"product_tag","embeddable":true,"href":"https:\/\/promochaudiere.be\/nl\/wp-json\/wp\/v2\/product_tag?post=14110"}],"curies":[{"name":"wp","href":"https:\/\/api.w.org\/{rel}","templated":true}]}}