{"id":14116,"date":"2025-01-17T09:50:16","date_gmt":"2025-01-17T09:50:16","guid":{"rendered":"https:\/\/promochaudiere.be\/produit\/vaillant-limiteur-de-temperature-thermocouple-115203\/"},"modified":"2026-02-03T18:14:56","modified_gmt":"2026-02-03T17:14:56","slug":"vaillant-limiteur-de-temperature-thermocouple-115203","status":"publish","type":"product","link":"https:\/\/promochaudiere.be\/nl\/product\/vaillant-limiteur-de-temperature-thermocouple-115203\/","title":{"rendered":"Vaillant limiteur de temp\u00e9rature + thermocouple 115203"},"content":{"rendered":"<p>Ce limiteur de temp\u00e9rature Vaillant avec thermocouple est con\u00e7u pour assurer une s\u00e9curit\u00e9 maximale dans les chaudi\u00e8res \u00e0 gaz. Il pr\u00e9vient les surchauffes et optimise la r\u00e9gulation thermique. Son installation est rapide et intuitive. Compatible avec divers mod\u00e8les Vaillant. Un \u00e9l\u00e9ment essentiel pour un fonctionnement s\u00e9curis\u00e9 et fiable du chauffage.<\/p>","protected":false},"excerpt":{"rendered":"<p>Vaillant limiteur de temp\u00e9rature + thermocouple 115203<\/p>","protected":false},"featured_media":22215,"comment_status":"open","ping_status":"closed","template":"","meta":[],"product_brand":[],"product_cat":[8917,8840],"product_tag":[],"class_list":{"0":"post-14116","1":"product","2":"type-product","3":"status-publish","4":"has-post-thumbnail","6":"product_cat-pieces-detachees-vaillant","7":"product_cat-test","8":"pa_marque-vaillant","10":"first","11":"instock","12":"sale","13":"taxable","14":"shipping-taxable","15":"purchasable","16":"product-type-simple"},"aioseo_notices":[],"_links":{"self":[{"href":"https:\/\/promochaudiere.be\/nl\/wp-json\/wp\/v2\/product\/14116","targetHints":{"allow":["GET"]}}],"collection":[{"href":"https:\/\/promochaudiere.be\/nl\/wp-json\/wp\/v2\/product"}],"about":[{"href":"https:\/\/promochaudiere.be\/nl\/wp-json\/wp\/v2\/types\/product"}],"replies":[{"embeddable":true,"href":"https:\/\/promochaudiere.be\/nl\/wp-json\/wp\/v2\/comments?post=14116"}],"version-history":[{"count":1,"href":"https:\/\/promochaudiere.be\/nl\/wp-json\/wp\/v2\/product\/14116\/revisions"}],"predecessor-version":[{"id":53141,"href":"https:\/\/promochaudiere.be\/nl\/wp-json\/wp\/v2\/product\/14116\/revisions\/53141"}],"wp:featuredmedia":[{"embeddable":true,"href":"https:\/\/promochaudiere.be\/nl\/wp-json\/wp\/v2\/media\/22215"}],"wp:attachment":[{"href":"https:\/\/promochaudiere.be\/nl\/wp-json\/wp\/v2\/media?parent=14116"}],"wp:term":[{"taxonomy":"product_brand","embeddable":true,"href":"https:\/\/promochaudiere.be\/nl\/wp-json\/wp\/v2\/product_brand?post=14116"},{"taxonomy":"product_cat","embeddable":true,"href":"https:\/\/promochaudiere.be\/nl\/wp-json\/wp\/v2\/product_cat?post=14116"},{"taxonomy":"product_tag","embeddable":true,"href":"https:\/\/promochaudiere.be\/nl\/wp-json\/wp\/v2\/product_tag?post=14116"}],"curies":[{"name":"wp","href":"https:\/\/api.w.org\/{rel}","templated":true}]}}