{"id":14117,"date":"2025-01-17T09:50:17","date_gmt":"2025-01-17T09:50:17","guid":{"rendered":"https:\/\/promochaudiere.be\/produit\/vaillant-limiteur-de-temperature-thermocouple-115205\/"},"modified":"2026-02-03T18:14:56","modified_gmt":"2026-02-03T17:14:56","slug":"vaillant-limiteur-de-temperature-thermocouple-115205","status":"publish","type":"product","link":"https:\/\/promochaudiere.be\/nl\/product\/vaillant-limiteur-de-temperature-thermocouple-115205\/","title":{"rendered":"Vaillant limiteur de temp\u00e9rature + thermocouple 115205"},"content":{"rendered":"<p>Ce limiteur de temp\u00e9rature Vaillant, similaire au mod\u00e8le pr\u00e9c\u00e9dent, assure une protection optimale contre les surchauffes. Il garantit un fonctionnement stable et s\u00e9curis\u00e9 des chaudi\u00e8res. Facile \u00e0 installer, il s\u2019int\u00e8gre aux \u00e9quipements Vaillant. Id\u00e9al pour am\u00e9liorer la s\u00e9curit\u00e9 thermique et prolonger la dur\u00e9e de vie des installations.<\/p>","protected":false},"excerpt":{"rendered":"<p>Vaillant limiteur de temp\u00e9rature + thermocouple 115205<\/p>","protected":false},"featured_media":22217,"comment_status":"open","ping_status":"closed","template":"","meta":[],"product_brand":[],"product_cat":[8917,8840],"product_tag":[],"class_list":{"0":"post-14117","1":"product","2":"type-product","3":"status-publish","4":"has-post-thumbnail","6":"product_cat-pieces-detachees-vaillant","7":"product_cat-test","8":"pa_marque-vaillant","10":"first","11":"instock","12":"sale","13":"taxable","14":"shipping-taxable","15":"purchasable","16":"product-type-simple"},"aioseo_notices":[],"_links":{"self":[{"href":"https:\/\/promochaudiere.be\/nl\/wp-json\/wp\/v2\/product\/14117","targetHints":{"allow":["GET"]}}],"collection":[{"href":"https:\/\/promochaudiere.be\/nl\/wp-json\/wp\/v2\/product"}],"about":[{"href":"https:\/\/promochaudiere.be\/nl\/wp-json\/wp\/v2\/types\/product"}],"replies":[{"embeddable":true,"href":"https:\/\/promochaudiere.be\/nl\/wp-json\/wp\/v2\/comments?post=14117"}],"version-history":[{"count":1,"href":"https:\/\/promochaudiere.be\/nl\/wp-json\/wp\/v2\/product\/14117\/revisions"}],"predecessor-version":[{"id":53140,"href":"https:\/\/promochaudiere.be\/nl\/wp-json\/wp\/v2\/product\/14117\/revisions\/53140"}],"wp:featuredmedia":[{"embeddable":true,"href":"https:\/\/promochaudiere.be\/nl\/wp-json\/wp\/v2\/media\/22217"}],"wp:attachment":[{"href":"https:\/\/promochaudiere.be\/nl\/wp-json\/wp\/v2\/media?parent=14117"}],"wp:term":[{"taxonomy":"product_brand","embeddable":true,"href":"https:\/\/promochaudiere.be\/nl\/wp-json\/wp\/v2\/product_brand?post=14117"},{"taxonomy":"product_cat","embeddable":true,"href":"https:\/\/promochaudiere.be\/nl\/wp-json\/wp\/v2\/product_cat?post=14117"},{"taxonomy":"product_tag","embeddable":true,"href":"https:\/\/promochaudiere.be\/nl\/wp-json\/wp\/v2\/product_tag?post=14117"}],"curies":[{"name":"wp","href":"https:\/\/api.w.org\/{rel}","templated":true}]}}