{"id":14118,"date":"2025-01-17T09:50:17","date_gmt":"2025-01-17T09:50:17","guid":{"rendered":"https:\/\/promochaudiere.be\/produit\/vaillant-plaque-de-montage-vcwvscvuw-178965\/"},"modified":"2026-02-03T18:14:56","modified_gmt":"2026-02-03T17:14:56","slug":"vaillant-plaque-de-montage-vcwvscvuw-178965","status":"publish","type":"product","link":"https:\/\/promochaudiere.be\/nl\/product\/vaillant-plaque-de-montage-vcwvscvuw-178965\/","title":{"rendered":"Vaillant plaque de montage VCW+VSC+VUW 178965"},"content":{"rendered":"<p>Cette plaque de montage Vaillant est sp\u00e9cialement con\u00e7ue pour les mod\u00e8les VCW, VSC et VUW. Elle assure un support solide et s\u00e9curis\u00e9 pour l\u2019installation de la chaudi\u00e8re. Sa conception en mat\u00e9riau robuste garantit une excellente stabilit\u00e9. Facile \u00e0 installer, elle optimise le positionnement des composants. Id\u00e9ale pour simplifier la mise en place des chaudi\u00e8res Vaillant. Un \u00e9l\u00e9ment cl\u00e9 pour une fixation efficace et durable.<\/p>","protected":false},"excerpt":{"rendered":"<p>Vaillant plaque de montage VCW+VSC+VUW 178965<\/p>","protected":false},"featured_media":22512,"comment_status":"open","ping_status":"closed","template":"","meta":[],"product_brand":[],"product_cat":[8917,8840],"product_tag":[],"class_list":{"0":"post-14118","1":"product","2":"type-product","3":"status-publish","4":"has-post-thumbnail","6":"product_cat-pieces-detachees-vaillant","7":"product_cat-test","8":"pa_marque-vaillant","10":"first","11":"instock","12":"sale","13":"taxable","14":"shipping-taxable","15":"purchasable","16":"product-type-simple"},"aioseo_notices":[],"_links":{"self":[{"href":"https:\/\/promochaudiere.be\/nl\/wp-json\/wp\/v2\/product\/14118","targetHints":{"allow":["GET"]}}],"collection":[{"href":"https:\/\/promochaudiere.be\/nl\/wp-json\/wp\/v2\/product"}],"about":[{"href":"https:\/\/promochaudiere.be\/nl\/wp-json\/wp\/v2\/types\/product"}],"replies":[{"embeddable":true,"href":"https:\/\/promochaudiere.be\/nl\/wp-json\/wp\/v2\/comments?post=14118"}],"version-history":[{"count":1,"href":"https:\/\/promochaudiere.be\/nl\/wp-json\/wp\/v2\/product\/14118\/revisions"}],"predecessor-version":[{"id":53139,"href":"https:\/\/promochaudiere.be\/nl\/wp-json\/wp\/v2\/product\/14118\/revisions\/53139"}],"wp:featuredmedia":[{"embeddable":true,"href":"https:\/\/promochaudiere.be\/nl\/wp-json\/wp\/v2\/media\/22512"}],"wp:attachment":[{"href":"https:\/\/promochaudiere.be\/nl\/wp-json\/wp\/v2\/media?parent=14118"}],"wp:term":[{"taxonomy":"product_brand","embeddable":true,"href":"https:\/\/promochaudiere.be\/nl\/wp-json\/wp\/v2\/product_brand?post=14118"},{"taxonomy":"product_cat","embeddable":true,"href":"https:\/\/promochaudiere.be\/nl\/wp-json\/wp\/v2\/product_cat?post=14118"},{"taxonomy":"product_tag","embeddable":true,"href":"https:\/\/promochaudiere.be\/nl\/wp-json\/wp\/v2\/product_tag?post=14118"}],"curies":[{"name":"wp","href":"https:\/\/api.w.org\/{rel}","templated":true}]}}