{"id":14120,"date":"2025-01-17T09:50:18","date_gmt":"2025-01-17T09:50:18","guid":{"rendered":"https:\/\/promochaudiere.be\/produit\/bouche-design-platre-ergovent-rondo-160mm-rondo160\/"},"modified":"2026-02-03T18:14:56","modified_gmt":"2026-02-03T17:14:56","slug":"bouche-design-platre-ergovent-rondo-160mm-rondo160","status":"publish","type":"product","link":"https:\/\/promochaudiere.be\/nl\/product\/bouche-design-platre-ergovent-rondo-160mm-rondo160\/","title":{"rendered":"BOUCHE DESIGN PLATRE ERGOVENT RONDO 160MM RONDO160"},"content":{"rendered":"<p>La bouche design pl\u00e2tre ERGOVENT Rondo 160mm est un accessoire de ventilation \u00e9l\u00e9gant, con\u00e7u pour s&rsquo;int\u00e9grer parfaitement dans les plafonds ou murs tout en assurant une diffusion optimale de l&rsquo;air. Son design rond et discret s&rsquo;adapte harmonieusement \u00e0 diff\u00e9rents styles d&rsquo;int\u00e9rieurs, tout en garantissant une circulation d&rsquo;air efficace dans les syst\u00e8mes de ventilation. Fabriqu\u00e9e en pl\u00e2tre, elle offre une finition qui peut facilement \u00eatre peinte pour correspondre \u00e0 l\u2019esth\u00e9tique de la pi\u00e8ce.<\/p>","protected":false},"excerpt":{"rendered":"<p>BOUCHE DESIGN PLATRE ERGOVENT RONDO 160MM RONDO160<\/p>","protected":false},"featured_media":21499,"comment_status":"open","ping_status":"closed","template":"","meta":[],"product_brand":[],"product_cat":[2791,8840],"product_tag":[],"class_list":{"0":"post-14120","1":"product","2":"type-product","3":"status-publish","4":"has-post-thumbnail","6":"product_cat-accessoires-de-ventilation","7":"product_cat-test","9":"first","10":"instock","11":"sale","12":"taxable","13":"shipping-taxable","14":"purchasable","15":"product-type-simple"},"aioseo_notices":[],"_links":{"self":[{"href":"https:\/\/promochaudiere.be\/nl\/wp-json\/wp\/v2\/product\/14120","targetHints":{"allow":["GET"]}}],"collection":[{"href":"https:\/\/promochaudiere.be\/nl\/wp-json\/wp\/v2\/product"}],"about":[{"href":"https:\/\/promochaudiere.be\/nl\/wp-json\/wp\/v2\/types\/product"}],"replies":[{"embeddable":true,"href":"https:\/\/promochaudiere.be\/nl\/wp-json\/wp\/v2\/comments?post=14120"}],"version-history":[{"count":1,"href":"https:\/\/promochaudiere.be\/nl\/wp-json\/wp\/v2\/product\/14120\/revisions"}],"predecessor-version":[{"id":53138,"href":"https:\/\/promochaudiere.be\/nl\/wp-json\/wp\/v2\/product\/14120\/revisions\/53138"}],"wp:featuredmedia":[{"embeddable":true,"href":"https:\/\/promochaudiere.be\/nl\/wp-json\/wp\/v2\/media\/21499"}],"wp:attachment":[{"href":"https:\/\/promochaudiere.be\/nl\/wp-json\/wp\/v2\/media?parent=14120"}],"wp:term":[{"taxonomy":"product_brand","embeddable":true,"href":"https:\/\/promochaudiere.be\/nl\/wp-json\/wp\/v2\/product_brand?post=14120"},{"taxonomy":"product_cat","embeddable":true,"href":"https:\/\/promochaudiere.be\/nl\/wp-json\/wp\/v2\/product_cat?post=14120"},{"taxonomy":"product_tag","embeddable":true,"href":"https:\/\/promochaudiere.be\/nl\/wp-json\/wp\/v2\/product_tag?post=14120"}],"curies":[{"name":"wp","href":"https:\/\/api.w.org\/{rel}","templated":true}]}}