{"id":14121,"date":"2025-01-17T09:50:18","date_gmt":"2025-01-17T09:50:18","guid":{"rendered":"https:\/\/promochaudiere.be\/produit\/kit-de-remplissage-cc-avec-robinets-a-bille-1-2mm-agree-ca-50cm-249115500\/"},"modified":"2026-02-03T18:14:57","modified_gmt":"2026-02-03T17:14:57","slug":"kit-de-remplissage-cc-avec-robinets-a-bille-1-2mm-agree-ca-50cm-249115500","status":"publish","type":"product","link":"https:\/\/promochaudiere.be\/product\/kit-de-remplissage-cc-avec-robinets-a-bille-1-2mm-agree-ca-50cm-249115500\/","title":{"rendered":"KIT DE REMPLISSAGE CC AVEC ROBINETS A BILLE 1\/2&Prime;MM AGREE CA 50CM 249115500"},"content":{"rendered":"<p>Ce kit de remplissage avec robinets \u00e0 bille de 1&Prime; est con\u00e7u pour optimiser l\u2019acheminement de l\u2019eau dans les circuits de chauffage. Sa conception robuste assure une long\u00e9vit\u00e9 accrue et une r\u00e9sistance aux hautes pressions.<\/p>","protected":false},"excerpt":{"rendered":"<p>KIT DE REMPLISSAGE CC AVEC ROBINETS A BILLE 1\/2&Prime;MM AGREE CA 50CM 249115500<\/p>","protected":false},"featured_media":21757,"comment_status":"open","ping_status":"closed","template":"","meta":[],"product_brand":[],"product_cat":[8840,5519],"product_tag":[],"class_list":{"0":"post-14121","1":"product","2":"type-product","3":"status-publish","4":"has-post-thumbnail","6":"product_cat-test","7":"product_cat-vanne","9":"first","10":"instock","11":"sale","12":"taxable","13":"shipping-taxable","14":"purchasable","15":"product-type-simple"},"aioseo_notices":[],"_links":{"self":[{"href":"https:\/\/promochaudiere.be\/nl\/wp-json\/wp\/v2\/product\/14121","targetHints":{"allow":["GET"]}}],"collection":[{"href":"https:\/\/promochaudiere.be\/nl\/wp-json\/wp\/v2\/product"}],"about":[{"href":"https:\/\/promochaudiere.be\/nl\/wp-json\/wp\/v2\/types\/product"}],"replies":[{"embeddable":true,"href":"https:\/\/promochaudiere.be\/nl\/wp-json\/wp\/v2\/comments?post=14121"}],"version-history":[{"count":1,"href":"https:\/\/promochaudiere.be\/nl\/wp-json\/wp\/v2\/product\/14121\/revisions"}],"predecessor-version":[{"id":53137,"href":"https:\/\/promochaudiere.be\/nl\/wp-json\/wp\/v2\/product\/14121\/revisions\/53137"}],"wp:featuredmedia":[{"embeddable":true,"href":"https:\/\/promochaudiere.be\/nl\/wp-json\/wp\/v2\/media\/21757"}],"wp:attachment":[{"href":"https:\/\/promochaudiere.be\/nl\/wp-json\/wp\/v2\/media?parent=14121"}],"wp:term":[{"taxonomy":"product_brand","embeddable":true,"href":"https:\/\/promochaudiere.be\/nl\/wp-json\/wp\/v2\/product_brand?post=14121"},{"taxonomy":"product_cat","embeddable":true,"href":"https:\/\/promochaudiere.be\/nl\/wp-json\/wp\/v2\/product_cat?post=14121"},{"taxonomy":"product_tag","embeddable":true,"href":"https:\/\/promochaudiere.be\/nl\/wp-json\/wp\/v2\/product_tag?post=14121"}],"curies":[{"name":"wp","href":"https:\/\/api.w.org\/{rel}","templated":true}]}}